{"id":6101,"date":"2021-03-29T12:35:20","date_gmt":"2021-03-29T12:35:20","guid":{"rendered":"https:\/\/boutique.notredamedelagarde.com\/?post_type=product&#038;p=6101\/"},"modified":"2021-03-30T08:52:42","modified_gmt":"2021-03-30T08:52:42","slug":"icone-saint-pierre","status":"publish","type":"product","link":"https:\/\/boutique.notredamedelagarde.com\/en\/product\/icone-saint-pierre\/","title":{"rendered":"Ic\u00f4ne Saint-Pierre"},"content":{"rendered":"<p>Ic\u00f4ne repr\u00e9sentant Saint-Pierre<br \/>\nPapier coll\u00e9 sur bois.<br \/>\nFormat : 27 H x 10 L et 1 cm d\u2019\u00e9paisseur.<br \/>\nFabrication artisanale italienne.<\/p>\n","protected":false},"excerpt":{"rendered":"<p>Ic\u00f4ne repr\u00e9sentant Saint-Pierre Papier coll\u00e9 sur bois. Format : 27 H x 10 L et 1 cm d\u2019\u00e9paisseur. Fabrication artisanale italienne.<\/p>\n","protected":false},"featured_media":6100,"template":"","meta":[],"product_cat":[139],"product_tag":[],"acf":[],"_links":{"self":[{"href":"https:\/\/boutique.notredamedelagarde.com\/en\/wp-json\/wp\/v2\/product\/6101"}],"collection":[{"href":"https:\/\/boutique.notredamedelagarde.com\/en\/wp-json\/wp\/v2\/product"}],"about":[{"href":"https:\/\/boutique.notredamedelagarde.com\/en\/wp-json\/wp\/v2\/types\/product"}],"wp:featuredmedia":[{"embeddable":true,"href":"https:\/\/boutique.notredamedelagarde.com\/en\/wp-json\/wp\/v2\/media\/6100"}],"wp:attachment":[{"href":"https:\/\/boutique.notredamedelagarde.com\/en\/wp-json\/wp\/v2\/media?parent=6101"}],"wp:term":[{"taxonomy":"product_cat","embeddable":true,"href":"https:\/\/boutique.notredamedelagarde.com\/en\/wp-json\/wp\/v2\/product_cat?post=6101"},{"taxonomy":"product_tag","embeddable":true,"href":"https:\/\/boutique.notredamedelagarde.com\/en\/wp-json\/wp\/v2\/product_tag?post=6101"}],"curies":[{"name":"wp","href":"https:\/\/api.w.org\/{rel}","templated":true}]}}