{"id":1361,"date":"2017-09-27T10:17:22","date_gmt":"2017-09-27T10:17:22","guid":{"rendered":"https:\/\/preprod.ndlg.solidnames.fr\/?page_id=1361"},"modified":"2023-06-28T08:02:50","modified_gmt":"2023-06-28T08:02:50","slug":"conditions-de-livraison","status":"publish","type":"page","link":"https:\/\/boutique.notredamedelagarde.com\/fr\/conditions-de-livraison\/","title":{"rendered":"Conditions de livraison"},"content":{"rendered":"<h2>EXP\u00c9DITIONS ET RETOURS<\/h2>\n<h4><\/h4>\n<h3>Exp\u00e9dition de votre colis<\/h3>\n<p>Les colis sont g\u00e9n\u00e9ralement exp\u00e9di\u00e9s dans un d\u00e9lai de 7 jours ouvr\u00e9s apr\u00e8s r\u00e9ception du paiement. Ils sont exp\u00e9di\u00e9s via La Poste Service Colissimo avec un num\u00e9ro de suivi et remis sans signature. Les colis peuvent \u00e9galement \u00eatre exp\u00e9di\u00e9s via La Poste Service Colissimo et remis contre signature. Veuillez nous contacter avant de choisir ce mode de livraison, car il induit des frais suppl\u00e9mentaires. Quel que soit le mode de livraison choisi, nous vous envoyons un lien pour suivre votre colis en ligne.<\/p>\n<p>Les frais d&rsquo;exp\u00e9dition incluent les frais de pr\u00e9paration et d&#8217;emballage ainsi que les frais de port. Les frais de pr\u00e9paration sont fixes, tandis que les frais de transport varient selon le poids total du colis. Nous vous recommandons de regrouper tous vos articles dans une seule commande. Nous ne pouvons regrouper deux commandes plac\u00e9es s\u00e9par\u00e9ment et des frais d&rsquo;exp\u00e9dition s&rsquo;appliquent \u00e0 chacune d&rsquo;entre elles. Une attention particuli\u00e8re est port\u00e9e aux objets fragiles.<\/p>\n<p>Les dimensions des bo\u00eetes sont appropri\u00e9es et vos articles sont correctement prot\u00e9g\u00e9s.<\/p>\n<h4><\/h4>\n<h3>Zones de livraison et frais de port<\/h3>\n<p>Nous livrons sur les 5 continents. Lors de votre commande, les frais de port s&rsquo;afficheront automatiquement.<\/p>\n<h4><\/h4>\n<h3>Retours<\/h3>\n<p>Pour tout retour, merci tout d&rsquo;abord de nous en avertir par e-mail \u00e0 :<\/p>\n<p>e-boutique@notredamedelagarde.com et d&rsquo;envoyer votre colis dans son emballage d&rsquo;origine \u00e0 :<\/p>\n<p>Association du Domaine de Notre-Dame de La Garde<\/p>\n<p>Rue Fort du Sanctuaire,<\/p>\n<p>13006 Marseille<\/p>\n<p>FRANCE<\/p>\n","protected":false},"excerpt":{"rendered":"<p>EXP\u00c9DITIONS ET RETOURS Exp\u00e9dition de votre colis Les colis sont g\u00e9n\u00e9ralement exp\u00e9di\u00e9s dans un d\u00e9lai de 7 jours ouvr\u00e9s apr\u00e8s r\u00e9ception du paiement. Ils sont exp\u00e9di\u00e9s via La Poste Service Colissimo avec un num\u00e9ro de suivi et remis sans signature. Les colis peuvent \u00e9galement \u00eatre exp\u00e9di\u00e9s via La Poste Service Colissimo et remis contre signature. [&hellip;]<\/p>\n","protected":false},"author":1,"featured_media":0,"parent":0,"menu_order":0,"comment_status":"closed","ping_status":"closed","template":"page-template.php","meta":{"footnotes":""},"acf":[],"_links":{"self":[{"href":"https:\/\/boutique.notredamedelagarde.com\/fr\/wp-json\/wp\/v2\/pages\/1361"}],"collection":[{"href":"https:\/\/boutique.notredamedelagarde.com\/fr\/wp-json\/wp\/v2\/pages"}],"about":[{"href":"https:\/\/boutique.notredamedelagarde.com\/fr\/wp-json\/wp\/v2\/types\/page"}],"author":[{"embeddable":true,"href":"https:\/\/boutique.notredamedelagarde.com\/fr\/wp-json\/wp\/v2\/users\/1"}],"replies":[{"embeddable":true,"href":"https:\/\/boutique.notredamedelagarde.com\/fr\/wp-json\/wp\/v2\/comments?post=1361"}],"version-history":[{"count":10,"href":"https:\/\/boutique.notredamedelagarde.com\/fr\/wp-json\/wp\/v2\/pages\/1361\/revisions"}],"predecessor-version":[{"id":7380,"href":"https:\/\/boutique.notredamedelagarde.com\/fr\/wp-json\/wp\/v2\/pages\/1361\/revisions\/7380"}],"wp:attachment":[{"href":"https:\/\/boutique.notredamedelagarde.com\/fr\/wp-json\/wp\/v2\/media?parent=1361"}],"curies":[{"name":"wp","href":"https:\/\/api.w.org\/{rel}","templated":true}]}}