{"id":1363,"date":"2017-09-27T10:17:31","date_gmt":"2017-09-27T10:17:31","guid":{"rendered":"https:\/\/preprod.ndlg.solidnames.fr\/?page_id=1363"},"modified":"2023-06-28T08:00:54","modified_gmt":"2023-06-28T08:00:54","slug":"paiements-acceptes","status":"publish","type":"page","link":"https:\/\/boutique.notredamedelagarde.com\/fr\/paiements-acceptes\/","title":{"rendered":"Paiements accept\u00e9s"},"content":{"rendered":"<div class=\"rte\">\n<div class=\"rte\">\n<h2>Le paiement s\u00e9curis\u00e9 est assur\u00e9 par CM-CIC<\/h2>\n<p><img decoding=\"async\" loading=\"lazy\" class=\"wp-image-2971 alignnone size-full\" src=\"https:\/\/boutique.notredamedelagarde.com\/wp-content\/uploads\/2018\/02\/logo_cic.png\" alt=\"\" width=\"106\" height=\"48\" \/>\u00a0\u00a0<img decoding=\"async\" loading=\"lazy\" class=\"wp-image-2973 alignnone size-medium\" src=\"https:\/\/boutique.notredamedelagarde.com\/wp-content\/uploads\/2018\/02\/logo-monetico-paiement.png\" alt=\"\" width=\"176\" height=\"15\" srcset=\"https:\/\/boutique.notredamedelagarde.com\/wp-content\/uploads\/2018\/02\/logo-monetico-paiement.png 176w, https:\/\/boutique.notredamedelagarde.com\/wp-content\/uploads\/2018\/02\/logo-monetico-paiement-150x13.png 150w\" sizes=\"(max-width: 176px) 100vw, 176px\" \/><\/p>\n<p>Le paiement s\u00e9curis\u00e9 permet un traitement rapide de vos commandes tout en assurant votre s\u00e9curit\u00e9. Gr\u00e2ce \u00e0 notre syst\u00e8me de t\u00e9l\u00e9paiement SSL (Secure Sockets Layer), vous \u00eates automatiquement dirig\u00e9 vers le serveur de notre partenaire bancaire. La transaction passe en mode s\u00e9curis\u00e9 garantissant la confidentialit\u00e9 des informations fournies. Ce cryptage SSL vous garantit que vos r\u00e9f\u00e9rences bancaires (num\u00e9ro de CB, date d&rsquo;expiration et cryptogramme), crypt\u00e9es sur votre propre ordinateur, ne transitent en aucun cas ni sur le r\u00e9seau ni m\u00eame dans notre\u00a0soci\u00e9t\u00e9. C&rsquo;est pour cette raison que ces derni\u00e8res vous seront redemand\u00e9es \u00e0 chaque nouvelle transaction.<\/p>\n<h2><\/h2>\n<h2>ou par Paypal<\/h2>\n<p><img decoding=\"async\" loading=\"lazy\" class=\"wp-image-2078 alignnone size-full\" src=\"https:\/\/boutique.notredamedelagarde.com\/wp-content\/uploads\/2017\/11\/logo_paypal_moyens_paiement_fr.jpg\" alt=\"\" width=\"319\" height=\"110\" \/><\/p>\n<p>Les paiements sont trait\u00e9s par le service <a href=\"https:\/\/www.paypal.com\/\">Paypal<\/a>. Il n&rsquo;est pas obligatoire de poss\u00e9der un compte Paypal pour payer en ligne. Vous pouvez payer en utilisant une carte bancaire classique. Aucune information relative \u00e0 votre compte bancaire n&rsquo;est conserv\u00e9e sur nos serveurs.<\/p>\n<\/div>\n<\/div>\n","protected":false},"excerpt":{"rendered":"<p>Le paiement s\u00e9curis\u00e9 est assur\u00e9 par CM-CIC \u00a0\u00a0 Le paiement s\u00e9curis\u00e9 permet un traitement rapide de vos commandes tout en assurant votre s\u00e9curit\u00e9. Gr\u00e2ce \u00e0 notre syst\u00e8me de t\u00e9l\u00e9paiement SSL (Secure Sockets Layer), vous \u00eates automatiquement dirig\u00e9 vers le serveur de notre partenaire bancaire. La transaction passe en mode s\u00e9curis\u00e9 garantissant la confidentialit\u00e9 des informations [&hellip;]<\/p>\n","protected":false},"author":1,"featured_media":0,"parent":0,"menu_order":0,"comment_status":"closed","ping_status":"closed","template":"page-template.php","meta":{"footnotes":""},"acf":[],"_links":{"self":[{"href":"https:\/\/boutique.notredamedelagarde.com\/fr\/wp-json\/wp\/v2\/pages\/1363"}],"collection":[{"href":"https:\/\/boutique.notredamedelagarde.com\/fr\/wp-json\/wp\/v2\/pages"}],"about":[{"href":"https:\/\/boutique.notredamedelagarde.com\/fr\/wp-json\/wp\/v2\/types\/page"}],"author":[{"embeddable":true,"href":"https:\/\/boutique.notredamedelagarde.com\/fr\/wp-json\/wp\/v2\/users\/1"}],"replies":[{"embeddable":true,"href":"https:\/\/boutique.notredamedelagarde.com\/fr\/wp-json\/wp\/v2\/comments?post=1363"}],"version-history":[{"count":6,"href":"https:\/\/boutique.notredamedelagarde.com\/fr\/wp-json\/wp\/v2\/pages\/1363\/revisions"}],"predecessor-version":[{"id":7369,"href":"https:\/\/boutique.notredamedelagarde.com\/fr\/wp-json\/wp\/v2\/pages\/1363\/revisions\/7369"}],"wp:attachment":[{"href":"https:\/\/boutique.notredamedelagarde.com\/fr\/wp-json\/wp\/v2\/media?parent=1363"}],"curies":[{"name":"wp","href":"https:\/\/api.w.org\/{rel}","templated":true}]}}