{"id":1365,"date":"2017-09-27T10:17:42","date_gmt":"2017-09-27T10:17:42","guid":{"rendered":"https:\/\/preprod.ndlg.solidnames.fr\/?page_id=1365"},"modified":"2023-12-20T14:04:38","modified_gmt":"2023-12-20T14:04:38","slug":"mentions-legales","status":"publish","type":"page","link":"https:\/\/boutique.notredamedelagarde.com\/fr\/mentions-legales\/","title":{"rendered":"Mentions l\u00e9gales"},"content":{"rendered":"<h2>Cr\u00e9dits<\/h2>\n<p class=\"\"><strong>Conception et r\u00e9alisation\u00a0:<\/strong><br \/>\nCe site internet a \u00e9t\u00e9 r\u00e9alis\u00e9 par <a href=\"https:\/\/solidnames.fr\">Solidnames<br \/>\n<\/a>Solidnames est un prestataire de <a href=\"https:\/\/solidnames.fr\/gestion-noms-domaine\/\">gestion des noms de domaine<\/a> au service de personnes morales.<br \/>\nSolidnames s\u00e9curise vos adresses email contre l\u2019<a href=\"https:\/\/solidnames.fr\/email-securise-anti-spoofing-avec-spf-dkim-et-dmarc\/\">usurpation d\u2019identit\u00e9<\/a>.<br \/>\nE-mail : info@solidnames.fr<\/p>\n<p class=\"\"><strong>Prestataire d\u2019h\u00e9bergement :<\/strong><br \/>\nSolidnames,<br \/>\n67 rue Paul-Louis Lande,<br \/>\n33000 Bordeaux \u2013 France,<br \/>\nImmatricul\u00e9 au RCS Bordeaux sous le num\u00e9ro 821 912 334 \u2013 T\u00e9l\u00e9phone : + 33 (0)7 68 55 42 93<\/p>\n<p class=\"\"><strong>CNIL :<\/strong><br \/>\nEn conformit\u00e9 avec les dispositions de la loi du 06\/01\/1978, ce site fait l&rsquo;objet d&rsquo;une d\u00e9claration pr\u00e9alable aupr\u00e8s de la Commission<br \/>\nNationale, Informatique et Libert\u00e9 (CNIL). Le num\u00e9ro de d\u00e9claration est le 2072946v0. Vous b\u00e9n\u00e9ficiez d&rsquo;un droit d&rsquo;acc\u00e8s et de rectification.<br \/>\nCe droit peut \u00eatre exerc\u00e9 aupr\u00e8s de la personne d\u00e9sign\u00e9e ci-dessus.<\/p>\n<p class=\"\"><strong>Directrice de la publication :<\/strong><br \/>\nMme Catherine Dreher<\/p>\n<p class=\"\">Adresse commerciale :<br \/>\nASSOCIATION DU DOMAINE<br \/>\nDE NOTRE-DAME DE LA GARDE<br \/>\nRue Fort du Sanctuaire<br \/>\n13006 MARSEILLE, FRANCE<\/p>\n<p class=\"\">TEL: +33\u00a0(0)4 91 13 40 02<br \/>\nE-mail\u00a0:\u00a0<a href=\"mailto:e-boutique@notredamedelagarde.com\">e-boutique@notredamedelagarde.com<\/a><br \/>\nSite : boutique.notredamedelagarde.com<br \/>\nSIRET : 310 198 593 00017<\/p>\n<p>Copyright \u00a9 2017 \u2013 Association du Domaine de Notre-Dame de La Garde<\/p>\n","protected":false},"excerpt":{"rendered":"<p>Cr\u00e9dits Conception et r\u00e9alisation\u00a0: Ce site internet a \u00e9t\u00e9 r\u00e9alis\u00e9 par Solidnames Solidnames est un prestataire de gestion des noms de domaine au service de personnes morales. Solidnames s\u00e9curise vos adresses email contre l\u2019usurpation d\u2019identit\u00e9. E-mail : info@solidnames.fr Prestataire d\u2019h\u00e9bergement : Solidnames, 67 rue Paul-Louis Lande, 33000 Bordeaux \u2013 France, Immatricul\u00e9 au RCS Bordeaux sous [&hellip;]<\/p>\n","protected":false},"author":1,"featured_media":0,"parent":0,"menu_order":0,"comment_status":"closed","ping_status":"closed","template":"page-template.php","meta":{"footnotes":""},"acf":[],"_links":{"self":[{"href":"https:\/\/boutique.notredamedelagarde.com\/fr\/wp-json\/wp\/v2\/pages\/1365"}],"collection":[{"href":"https:\/\/boutique.notredamedelagarde.com\/fr\/wp-json\/wp\/v2\/pages"}],"about":[{"href":"https:\/\/boutique.notredamedelagarde.com\/fr\/wp-json\/wp\/v2\/types\/page"}],"author":[{"embeddable":true,"href":"https:\/\/boutique.notredamedelagarde.com\/fr\/wp-json\/wp\/v2\/users\/1"}],"replies":[{"embeddable":true,"href":"https:\/\/boutique.notredamedelagarde.com\/fr\/wp-json\/wp\/v2\/comments?post=1365"}],"version-history":[{"count":31,"href":"https:\/\/boutique.notredamedelagarde.com\/fr\/wp-json\/wp\/v2\/pages\/1365\/revisions"}],"predecessor-version":[{"id":7925,"href":"https:\/\/boutique.notredamedelagarde.com\/fr\/wp-json\/wp\/v2\/pages\/1365\/revisions\/7925"}],"wp:attachment":[{"href":"https:\/\/boutique.notredamedelagarde.com\/fr\/wp-json\/wp\/v2\/media?parent=1365"}],"curies":[{"name":"wp","href":"https:\/\/api.w.org\/{rel}","templated":true}]}}