{"id":1367,"date":"2017-09-27T10:17:58","date_gmt":"2017-09-27T10:17:58","guid":{"rendered":"https:\/\/preprod.ndlg.solidnames.fr\/?page_id=1367"},"modified":"2023-06-28T09:08:24","modified_gmt":"2023-06-28T09:08:24","slug":"a-propos-de-lassociation","status":"publish","type":"page","link":"https:\/\/boutique.notredamedelagarde.com\/fr\/a-propos-de-lassociation\/","title":{"rendered":"\u00c0 PROPOS DE L&rsquo;ASSOCIATION"},"content":{"rendered":"<h2 class=\"wp-block-post-title\">\u00c0 PROPOS DE L&rsquo;ASSOCIATION<\/h2>\n\n<p>L&rsquo;Association du Domaine de Notre-Dame de La Garde (loi 1901) a \u00e9t\u00e9 cr\u00e9\u00e9e en 1977 pour r\u00e9pondre \u00e0 la demande des p\u00e9lerins et des touristes d\u00e9sireux de compl\u00e9ter leur visite de la Basilique par l&rsquo;acquisition d&rsquo;articles religieux sp\u00e9cifiques, d&rsquo;ouvrages litt\u00e9raires et de souvenirs divers qu&rsquo;ils trouveront dans nos boutiques.<\/p>\n<p>Ils b\u00e9n\u00e9ficient en outre de l&rsquo;accueil, des conseils et des renseignements touchant \u00e0 la vie du Sanctuaire.<\/p>\n<ul>\n<li>Produits de haute qualit\u00e9<\/li>\n<li>Priorit\u00e9 \u00e0 la fabrication fran\u00e7aise<\/li>\n<li>Service client in\u00e9gal\u00e9<\/li>\n<\/ul>\n<p>Une \u00e9quipe \u00e0 l&rsquo;\u00e9coute et \u00e0 votre service.<br>Une \u00e9quipe dynamique est sur place 365 jours par an pour vous conseiller et vous renseigner.<\/p>\n<p>Bonne visite chez nous !<\/p>","protected":false},"excerpt":{"rendered":"<p>L&rsquo;Association du Domaine de Notre-Dame de La Garde (loi 1901) a \u00e9t\u00e9 cr\u00e9\u00e9e en 1977 pour r\u00e9pondre \u00e0 la demande des p\u00e9lerins et des touristes d\u00e9sireux de compl\u00e9ter leur visite de la Basilique par l&rsquo;acquisition d&rsquo;articles religieux sp\u00e9cifiques, d&rsquo;ouvrages litt\u00e9raires et de souvenirs divers qu&rsquo;ils trouveront dans nos boutiques. Ils b\u00e9n\u00e9ficient en outre de l&rsquo;accueil, [&hellip;]<\/p>\n","protected":false},"author":1,"featured_media":0,"parent":0,"menu_order":0,"comment_status":"closed","ping_status":"closed","template":"page-template.php","meta":{"footnotes":""},"acf":[],"_links":{"self":[{"href":"https:\/\/boutique.notredamedelagarde.com\/fr\/wp-json\/wp\/v2\/pages\/1367"}],"collection":[{"href":"https:\/\/boutique.notredamedelagarde.com\/fr\/wp-json\/wp\/v2\/pages"}],"about":[{"href":"https:\/\/boutique.notredamedelagarde.com\/fr\/wp-json\/wp\/v2\/types\/page"}],"author":[{"embeddable":true,"href":"https:\/\/boutique.notredamedelagarde.com\/fr\/wp-json\/wp\/v2\/users\/1"}],"replies":[{"embeddable":true,"href":"https:\/\/boutique.notredamedelagarde.com\/fr\/wp-json\/wp\/v2\/comments?post=1367"}],"version-history":[{"count":22,"href":"https:\/\/boutique.notredamedelagarde.com\/fr\/wp-json\/wp\/v2\/pages\/1367\/revisions"}],"predecessor-version":[{"id":7498,"href":"https:\/\/boutique.notredamedelagarde.com\/fr\/wp-json\/wp\/v2\/pages\/1367\/revisions\/7498"}],"wp:attachment":[{"href":"https:\/\/boutique.notredamedelagarde.com\/fr\/wp-json\/wp\/v2\/media?parent=1367"}],"curies":[{"name":"wp","href":"https:\/\/api.w.org\/{rel}","templated":true}]}}