{"id":1133,"date":"2016-07-25T08:54:10","date_gmt":"2016-07-25T08:54:10","guid":{"rendered":"https:\/\/boutique.notredamedelagarde.com?product=statue-notre-dame-de-la-garde-60-cm"},"modified":"2026-03-30T08:16:28","modified_gmt":"2026-03-30T08:16:28","slug":"statue-notre-dame-de-la-garde-60-cm","status":"publish","type":"product","link":"https:\/\/boutique.notredamedelagarde.com\/fr\/product\/statue-notre-dame-de-la-garde-60-cm\/","title":{"rendered":"Statue Notre-Dame de La Garde 60 cm"},"content":{"rendered":"<p>Statue de\u00a0Notre-Dame de La Garde 60\u00a0cm, en r\u00e9sine dor\u00e9e.<br \/>\nDimension : 60 cm.<br \/>\nBase : \u00f8 18 cm. Poids : 4 kg.<br \/>\nTaille carton : 27 cm x 27 cm X 67 cm.<\/p>\n","protected":false},"excerpt":{"rendered":"<p>Statue de\u00a0Notre-Dame de La Garde 60\u00a0cm, en r\u00e9sine dor\u00e9e. Dimension : 60 cm. Base : \u00f8 18 cm. Poids : 4 kg. Taille carton : 27 cm x 27 cm X 67 cm.<\/p>\n","protected":false},"featured_media":69,"template":"","meta":[],"product_cat":[37],"product_tag":[],"acf":[],"_links":{"self":[{"href":"https:\/\/boutique.notredamedelagarde.com\/fr\/wp-json\/wp\/v2\/product\/1133"}],"collection":[{"href":"https:\/\/boutique.notredamedelagarde.com\/fr\/wp-json\/wp\/v2\/product"}],"about":[{"href":"https:\/\/boutique.notredamedelagarde.com\/fr\/wp-json\/wp\/v2\/types\/product"}],"wp:featuredmedia":[{"embeddable":true,"href":"https:\/\/boutique.notredamedelagarde.com\/fr\/wp-json\/wp\/v2\/media\/69"}],"wp:attachment":[{"href":"https:\/\/boutique.notredamedelagarde.com\/fr\/wp-json\/wp\/v2\/media?parent=1133"}],"wp:term":[{"taxonomy":"product_cat","embeddable":true,"href":"https:\/\/boutique.notredamedelagarde.com\/fr\/wp-json\/wp\/v2\/product_cat?post=1133"},{"taxonomy":"product_tag","embeddable":true,"href":"https:\/\/boutique.notredamedelagarde.com\/fr\/wp-json\/wp\/v2\/product_tag?post=1133"}],"curies":[{"name":"wp","href":"https:\/\/api.w.org\/{rel}","templated":true}]}}