{"id":1136,"date":"2016-07-25T08:54:10","date_gmt":"2016-07-25T08:54:10","guid":{"rendered":"https:\/\/boutique.notredamedelagarde.com?product=statue-notre-dame-de-la-garde-30-cm"},"modified":"2026-02-10T09:55:45","modified_gmt":"2026-02-10T09:55:45","slug":"statue-notre-dame-de-la-garde-30-cm","status":"publish","type":"product","link":"https:\/\/boutique.notredamedelagarde.com\/fr\/product\/statue-notre-dame-de-la-garde-30-cm\/","title":{"rendered":"Statue Notre-Dame de La Garde 30 cm"},"content":{"rendered":"<p>Statue Notre-Dame de La Garde\u00a030\u00a0cm, en r\u00e9sine dor\u00e9e.<br \/>\nFabrication fran\u00e7aise.<\/p>\n","protected":false},"excerpt":{"rendered":"<p>Statue Notre-Dame de La Garde\u00a030\u00a0cm, en r\u00e9sine dor\u00e9e. Fabrication fran\u00e7aise.<\/p>\n","protected":false},"featured_media":90,"template":"","meta":[],"product_cat":[37],"product_tag":[],"acf":[],"_links":{"self":[{"href":"https:\/\/boutique.notredamedelagarde.com\/fr\/wp-json\/wp\/v2\/product\/1136"}],"collection":[{"href":"https:\/\/boutique.notredamedelagarde.com\/fr\/wp-json\/wp\/v2\/product"}],"about":[{"href":"https:\/\/boutique.notredamedelagarde.com\/fr\/wp-json\/wp\/v2\/types\/product"}],"wp:featuredmedia":[{"embeddable":true,"href":"https:\/\/boutique.notredamedelagarde.com\/fr\/wp-json\/wp\/v2\/media\/90"}],"wp:attachment":[{"href":"https:\/\/boutique.notredamedelagarde.com\/fr\/wp-json\/wp\/v2\/media?parent=1136"}],"wp:term":[{"taxonomy":"product_cat","embeddable":true,"href":"https:\/\/boutique.notredamedelagarde.com\/fr\/wp-json\/wp\/v2\/product_cat?post=1136"},{"taxonomy":"product_tag","embeddable":true,"href":"https:\/\/boutique.notredamedelagarde.com\/fr\/wp-json\/wp\/v2\/product_tag?post=1136"}],"curies":[{"name":"wp","href":"https:\/\/api.w.org\/{rel}","templated":true}]}}