{"id":1144,"date":"2016-07-25T08:54:10","date_gmt":"2016-07-25T08:54:10","guid":{"rendered":"https:\/\/boutique.notredamedelagarde.com?product=medaille-ronde-facettee-argent-925"},"modified":"2025-04-04T09:26:24","modified_gmt":"2025-04-04T09:26:24","slug":"medaille-ronde-facettee-argent-925","status":"publish","type":"product","link":"https:\/\/boutique.notredamedelagarde.com\/fr\/product\/medaille-ronde-facettee-argent-925\/","title":{"rendered":"M\u00e9daille Notre-Dame de La Garde ronde facett\u00e9e &#8211; Argent 925"},"content":{"rendered":"<p>M\u00e9daille ronde facett\u00e9e Argent 925\/1000, Buste Notre-Dame de La Garde.<br \/>\nDiam\u00e8tre\u00a0: \u00d8\u00a014 mm.<br \/>\nFabrication fran\u00e7aise.<\/p>\n","protected":false},"excerpt":{"rendered":"<p>M\u00e9daille ronde facett\u00e9e Argent 925\/1000, Buste Notre-Dame de La Garde. Diam\u00e8tre\u00a0: \u00d8\u00a014 mm. Fabrication fran\u00e7aise.<\/p>\n","protected":false},"featured_media":144,"template":"","meta":[],"product_cat":[56],"product_tag":[],"acf":[],"_links":{"self":[{"href":"https:\/\/boutique.notredamedelagarde.com\/fr\/wp-json\/wp\/v2\/product\/1144"}],"collection":[{"href":"https:\/\/boutique.notredamedelagarde.com\/fr\/wp-json\/wp\/v2\/product"}],"about":[{"href":"https:\/\/boutique.notredamedelagarde.com\/fr\/wp-json\/wp\/v2\/types\/product"}],"wp:featuredmedia":[{"embeddable":true,"href":"https:\/\/boutique.notredamedelagarde.com\/fr\/wp-json\/wp\/v2\/media\/144"}],"wp:attachment":[{"href":"https:\/\/boutique.notredamedelagarde.com\/fr\/wp-json\/wp\/v2\/media?parent=1144"}],"wp:term":[{"taxonomy":"product_cat","embeddable":true,"href":"https:\/\/boutique.notredamedelagarde.com\/fr\/wp-json\/wp\/v2\/product_cat?post=1144"},{"taxonomy":"product_tag","embeddable":true,"href":"https:\/\/boutique.notredamedelagarde.com\/fr\/wp-json\/wp\/v2\/product_tag?post=1144"}],"curies":[{"name":"wp","href":"https:\/\/api.w.org\/{rel}","templated":true}]}}