{"id":1146,"date":"2016-07-25T08:54:10","date_gmt":"2016-07-25T08:54:10","guid":{"rendered":"https:\/\/boutique.notredamedelagarde.com?product=medaille-niche-notre-dame-de-la-garde-facettee-plaque-or"},"modified":"2025-11-25T10:24:07","modified_gmt":"2025-11-25T10:24:07","slug":"medaille-niche-notre-dame-de-la-garde-facettee-plaque-or","status":"publish","type":"product","link":"https:\/\/boutique.notredamedelagarde.com\/fr\/product\/medaille-niche-notre-dame-de-la-garde-facettee-plaque-or\/","title":{"rendered":"M\u00e9daille niche,  Notre-Dame de La Garde facett\u00e9e &#8211; Plaqu\u00e9 Or"},"content":{"rendered":"<p>M\u00e9daille niche, Notre-Dame de La Garde, sur pied facett\u00e9.<br \/>\nPlaqu\u00e9 or.<br \/>\nDimensions : 25 mm.<br \/>\nFabrication fran\u00e7aise.<\/p>\n","protected":false},"excerpt":{"rendered":"<p>M\u00e9daille niche, Notre-Dame de La Garde, sur pied facett\u00e9. Plaqu\u00e9 or. Dimensions : 25 mm. Fabrication fran\u00e7aise.<\/p>\n","protected":false},"featured_media":154,"template":"","meta":[],"product_cat":[33],"product_tag":[],"acf":[],"_links":{"self":[{"href":"https:\/\/boutique.notredamedelagarde.com\/fr\/wp-json\/wp\/v2\/product\/1146"}],"collection":[{"href":"https:\/\/boutique.notredamedelagarde.com\/fr\/wp-json\/wp\/v2\/product"}],"about":[{"href":"https:\/\/boutique.notredamedelagarde.com\/fr\/wp-json\/wp\/v2\/types\/product"}],"wp:featuredmedia":[{"embeddable":true,"href":"https:\/\/boutique.notredamedelagarde.com\/fr\/wp-json\/wp\/v2\/media\/154"}],"wp:attachment":[{"href":"https:\/\/boutique.notredamedelagarde.com\/fr\/wp-json\/wp\/v2\/media?parent=1146"}],"wp:term":[{"taxonomy":"product_cat","embeddable":true,"href":"https:\/\/boutique.notredamedelagarde.com\/fr\/wp-json\/wp\/v2\/product_cat?post=1146"},{"taxonomy":"product_tag","embeddable":true,"href":"https:\/\/boutique.notredamedelagarde.com\/fr\/wp-json\/wp\/v2\/product_tag?post=1146"}],"curies":[{"name":"wp","href":"https:\/\/api.w.org\/{rel}","templated":true}]}}