{"id":1148,"date":"2016-07-25T08:54:10","date_gmt":"2016-07-25T08:54:10","guid":{"rendered":"https:\/\/boutique.notredamedelagarde.com?product=medaille-ronde-mosaique-bleu-argent-925"},"modified":"2026-04-07T06:33:57","modified_gmt":"2026-04-07T06:33:57","slug":"medaille-ronde-mosaique-bleu-argent-925","status":"publish","type":"product","link":"https:\/\/boutique.notredamedelagarde.com\/fr\/product\/medaille-ronde-mosaique-bleu-argent-925\/","title":{"rendered":"M\u00e9daille Notre-Dame de La Garde ronde mosa\u00efque bleu ou rouge &#8211; Argent 925"},"content":{"rendered":"<p>M\u00e9daille Notre-Dame de La Garde en bleu\u00a0ou rouge.<br \/>\nArgent .925.<br \/>\nDimensions : \u00d8 20 mm.<br \/>\nFabrication fran\u00e7aise.<\/p>\n","protected":false},"excerpt":{"rendered":"<p>M\u00e9daille Notre-Dame de La Garde en bleu\u00a0ou rouge. Argent .925. Dimensions : \u00d8 20 mm. Fabrication fran\u00e7aise.<\/p>\n","protected":false},"featured_media":164,"template":"","meta":[],"product_cat":[56],"product_tag":[],"acf":[],"_links":{"self":[{"href":"https:\/\/boutique.notredamedelagarde.com\/fr\/wp-json\/wp\/v2\/product\/1148"}],"collection":[{"href":"https:\/\/boutique.notredamedelagarde.com\/fr\/wp-json\/wp\/v2\/product"}],"about":[{"href":"https:\/\/boutique.notredamedelagarde.com\/fr\/wp-json\/wp\/v2\/types\/product"}],"wp:featuredmedia":[{"embeddable":true,"href":"https:\/\/boutique.notredamedelagarde.com\/fr\/wp-json\/wp\/v2\/media\/164"}],"wp:attachment":[{"href":"https:\/\/boutique.notredamedelagarde.com\/fr\/wp-json\/wp\/v2\/media?parent=1148"}],"wp:term":[{"taxonomy":"product_cat","embeddable":true,"href":"https:\/\/boutique.notredamedelagarde.com\/fr\/wp-json\/wp\/v2\/product_cat?post=1148"},{"taxonomy":"product_tag","embeddable":true,"href":"https:\/\/boutique.notredamedelagarde.com\/fr\/wp-json\/wp\/v2\/product_tag?post=1148"}],"curies":[{"name":"wp","href":"https:\/\/api.w.org\/{rel}","templated":true}]}}