{"id":1149,"date":"2016-07-25T08:54:10","date_gmt":"2016-07-25T08:54:10","guid":{"rendered":"https:\/\/boutique.notredamedelagarde.com?product=medaille-ronde-mosaique-rouge-plaque-or"},"modified":"2025-07-07T07:53:39","modified_gmt":"2025-07-07T07:53:39","slug":"medaille-ronde-mosaique-rouge-plaque-or","status":"publish","type":"product","link":"https:\/\/boutique.notredamedelagarde.com\/fr\/product\/medaille-ronde-mosaique-rouge-plaque-or\/","title":{"rendered":"M\u00e9daille ronde mosa\u00efque rouge &#8211; Plaqu\u00e9 Or"},"content":{"rendered":"<p>M\u00e9daille Notre-Dame de La Garde, en bleu\u00a0ou rouge.<br \/>\nPlaqu\u00e9\u00a0OR 750\/1000 3 microns.<br \/>\nDimensions : \u00d8 20 mm.<br \/>\nFabrication fran\u00e7aise.<\/p>\n","protected":false},"excerpt":{"rendered":"<p>M\u00e9daille Notre-Dame de La Garde, en bleu\u00a0ou rouge. Plaqu\u00e9\u00a0OR 750\/1000 3 microns. Dimensions : \u00d8 20 mm. Fabrication fran\u00e7aise.<\/p>\n","protected":false},"featured_media":169,"template":"","meta":[],"product_cat":[55],"product_tag":[],"acf":[],"_links":{"self":[{"href":"https:\/\/boutique.notredamedelagarde.com\/fr\/wp-json\/wp\/v2\/product\/1149"}],"collection":[{"href":"https:\/\/boutique.notredamedelagarde.com\/fr\/wp-json\/wp\/v2\/product"}],"about":[{"href":"https:\/\/boutique.notredamedelagarde.com\/fr\/wp-json\/wp\/v2\/types\/product"}],"wp:featuredmedia":[{"embeddable":true,"href":"https:\/\/boutique.notredamedelagarde.com\/fr\/wp-json\/wp\/v2\/media\/169"}],"wp:attachment":[{"href":"https:\/\/boutique.notredamedelagarde.com\/fr\/wp-json\/wp\/v2\/media?parent=1149"}],"wp:term":[{"taxonomy":"product_cat","embeddable":true,"href":"https:\/\/boutique.notredamedelagarde.com\/fr\/wp-json\/wp\/v2\/product_cat?post=1149"},{"taxonomy":"product_tag","embeddable":true,"href":"https:\/\/boutique.notredamedelagarde.com\/fr\/wp-json\/wp\/v2\/product_tag?post=1149"}],"curies":[{"name":"wp","href":"https:\/\/api.w.org\/{rel}","templated":true}]}}