{"id":1152,"date":"2016-07-25T08:54:10","date_gmt":"2016-07-25T08:54:10","guid":{"rendered":"https:\/\/boutique.notredamedelagarde.com?product=chapelet-en-nacre-veritable"},"modified":"2023-05-24T14:28:31","modified_gmt":"2023-05-24T14:28:31","slug":"chapelet-en-nacre-veritable","status":"publish","type":"product","link":"https:\/\/boutique.notredamedelagarde.com\/fr\/product\/chapelet-en-nacre-veritable\/","title":{"rendered":"Chapelet en Nacre v\u00e9ritable"},"content":{"rendered":"<p>Chapelet en nacre v\u00e9ritable mont\u00e9 sur cha\u00eene et fil dor\u00e9.<br \/>\nC\u0153ur NDG buste, verso basilique.<br \/>\nDimensions : 48.5 cm<br \/>\nPerles rondes de 6 mm.<br \/>\nFabrication fran\u00e7aise.<\/p>\n","protected":false},"excerpt":{"rendered":"<p>Chapelet en nacre v\u00e9ritable mont\u00e9 sur cha\u00eene et fil dor\u00e9. C\u0153ur NDG buste, verso basilique. Dimensions : 48.5 cm Perles rondes de 6 mm. Fabrication fran\u00e7aise.<\/p>\n","protected":false},"featured_media":190,"template":"","meta":[],"product_cat":[52],"product_tag":[],"acf":[],"_links":{"self":[{"href":"https:\/\/boutique.notredamedelagarde.com\/fr\/wp-json\/wp\/v2\/product\/1152"}],"collection":[{"href":"https:\/\/boutique.notredamedelagarde.com\/fr\/wp-json\/wp\/v2\/product"}],"about":[{"href":"https:\/\/boutique.notredamedelagarde.com\/fr\/wp-json\/wp\/v2\/types\/product"}],"wp:featuredmedia":[{"embeddable":true,"href":"https:\/\/boutique.notredamedelagarde.com\/fr\/wp-json\/wp\/v2\/media\/190"}],"wp:attachment":[{"href":"https:\/\/boutique.notredamedelagarde.com\/fr\/wp-json\/wp\/v2\/media?parent=1152"}],"wp:term":[{"taxonomy":"product_cat","embeddable":true,"href":"https:\/\/boutique.notredamedelagarde.com\/fr\/wp-json\/wp\/v2\/product_cat?post=1152"},{"taxonomy":"product_tag","embeddable":true,"href":"https:\/\/boutique.notredamedelagarde.com\/fr\/wp-json\/wp\/v2\/product_tag?post=1152"}],"curies":[{"name":"wp","href":"https:\/\/api.w.org\/{rel}","templated":true}]}}