{"id":1153,"date":"2016-07-25T08:54:10","date_gmt":"2016-07-25T08:54:10","guid":{"rendered":"https:\/\/boutique.notredamedelagarde.com?product=chapelet-cristal-de-swarovski-couleur-bleu-saphir"},"modified":"2023-05-24T14:28:31","modified_gmt":"2023-05-24T14:28:31","slug":"chapelet-cristal-de-swarovski-couleur-bleu-saphir","status":"publish","type":"product","link":"https:\/\/boutique.notredamedelagarde.com\/fr\/product\/chapelet-cristal-de-swarovski-couleur-bleu-saphir\/","title":{"rendered":"Chapelet \u00ab\u00a0Cristal de Swarovski\u00a0\u00bb bleu saphir cha\u00eene dor\u00e9e"},"content":{"rendered":"<p>Chapelet \u00ab\u00a0Cristal\u00a0de\u00a0Swarovski\u00a0\u00bb couleur bleu saphir, mont\u00e9 sur cha\u00eene et fil dor\u00e9.<br \/>\nPerles rondes facett\u00e9es de 6 mm.\u00a0<br \/>\nCe produit b\u00e9n\u00e9ficie d&rsquo;un certificat d&rsquo;authenticit\u00e9 Swarovski.<br \/>\nFabrication fran\u00e7aise.<\/p>\n","protected":false},"excerpt":{"rendered":"<p>Chapelet \u00ab\u00a0Cristal\u00a0de\u00a0Swarovski\u00a0\u00bb couleur bleu saphir, mont\u00e9 sur cha\u00eene et fil dor\u00e9. Perles rondes facett\u00e9es de 6 mm.\u00a0 Ce produit b\u00e9n\u00e9ficie d&rsquo;un certificat d&rsquo;authenticit\u00e9 Swarovski. Fabrication fran\u00e7aise.<\/p>\n","protected":false},"featured_media":195,"template":"","meta":[],"product_cat":[38],"product_tag":[],"acf":[],"_links":{"self":[{"href":"https:\/\/boutique.notredamedelagarde.com\/fr\/wp-json\/wp\/v2\/product\/1153"}],"collection":[{"href":"https:\/\/boutique.notredamedelagarde.com\/fr\/wp-json\/wp\/v2\/product"}],"about":[{"href":"https:\/\/boutique.notredamedelagarde.com\/fr\/wp-json\/wp\/v2\/types\/product"}],"wp:featuredmedia":[{"embeddable":true,"href":"https:\/\/boutique.notredamedelagarde.com\/fr\/wp-json\/wp\/v2\/media\/195"}],"wp:attachment":[{"href":"https:\/\/boutique.notredamedelagarde.com\/fr\/wp-json\/wp\/v2\/media?parent=1153"}],"wp:term":[{"taxonomy":"product_cat","embeddable":true,"href":"https:\/\/boutique.notredamedelagarde.com\/fr\/wp-json\/wp\/v2\/product_cat?post=1153"},{"taxonomy":"product_tag","embeddable":true,"href":"https:\/\/boutique.notredamedelagarde.com\/fr\/wp-json\/wp\/v2\/product_tag?post=1153"}],"curies":[{"name":"wp","href":"https:\/\/api.w.org\/{rel}","templated":true}]}}