{"id":1155,"date":"2016-07-25T08:54:10","date_gmt":"2016-07-25T08:54:10","guid":{"rendered":"https:\/\/boutique.notredamedelagarde.com?product=porte-clef-en-laiton-dore"},"modified":"2024-12-17T19:50:45","modified_gmt":"2024-12-17T19:50:45","slug":"porte-clef-en-laiton-dore","status":"publish","type":"product","link":"https:\/\/boutique.notredamedelagarde.com\/fr\/product\/porte-clef-en-laiton-dore\/","title":{"rendered":"Porte-clef en laiton dor\u00e9"},"content":{"rendered":"<p>Signe NDG, m\u00e9daille vierge, Notre-Dame de La Garde, c\u0153ur basilique,<br \/>\ncroix de Camargue (Foi, Esp\u00e9rance, Charit\u00e9).<br \/>\nFermeture \u00e0 mousqueton.<\/p>\n","protected":false},"excerpt":{"rendered":"<p>Signe NDG, m\u00e9daille vierge, Notre-Dame de La Garde, c\u0153ur basilique, croix de Camargue (Foi, Esp\u00e9rance, Charit\u00e9). Fermeture \u00e0 mousqueton.<\/p>\n","protected":false},"featured_media":207,"template":"","meta":[],"product_cat":[57],"product_tag":[],"acf":[],"_links":{"self":[{"href":"https:\/\/boutique.notredamedelagarde.com\/fr\/wp-json\/wp\/v2\/product\/1155"}],"collection":[{"href":"https:\/\/boutique.notredamedelagarde.com\/fr\/wp-json\/wp\/v2\/product"}],"about":[{"href":"https:\/\/boutique.notredamedelagarde.com\/fr\/wp-json\/wp\/v2\/types\/product"}],"wp:featuredmedia":[{"embeddable":true,"href":"https:\/\/boutique.notredamedelagarde.com\/fr\/wp-json\/wp\/v2\/media\/207"}],"wp:attachment":[{"href":"https:\/\/boutique.notredamedelagarde.com\/fr\/wp-json\/wp\/v2\/media?parent=1155"}],"wp:term":[{"taxonomy":"product_cat","embeddable":true,"href":"https:\/\/boutique.notredamedelagarde.com\/fr\/wp-json\/wp\/v2\/product_cat?post=1155"},{"taxonomy":"product_tag","embeddable":true,"href":"https:\/\/boutique.notredamedelagarde.com\/fr\/wp-json\/wp\/v2\/product_tag?post=1155"}],"curies":[{"name":"wp","href":"https:\/\/api.w.org\/{rel}","templated":true}]}}