{"id":1161,"date":"2016-07-25T08:54:10","date_gmt":"2016-07-25T08:54:10","guid":{"rendered":"https:\/\/boutique.notredamedelagarde.com?product=mug-coq"},"modified":"2024-05-13T09:19:52","modified_gmt":"2024-05-13T09:19:52","slug":"mug-coq","status":"publish","type":"product","link":"https:\/\/boutique.notredamedelagarde.com\/fr\/product\/mug-coq\/","title":{"rendered":"Mug Coq"},"content":{"rendered":"<p>Cr\u00e9ation d&rsquo;apr\u00e8s la mosa\u00efque aux oiseaux du cul-de-four de l&rsquo;abside de la Basilique (voir photos sur le site officiel de la Basilique).<\/p>\n","protected":false},"excerpt":{"rendered":"<p>Cr\u00e9ation d&rsquo;apr\u00e8s la mosa\u00efque aux oiseaux du cul-de-four de l&rsquo;abside de la Basilique (voir photos sur le site officiel de la Basilique).<\/p>\n","protected":false},"featured_media":271,"template":"","meta":[],"product_cat":[36],"product_tag":[],"acf":[],"_links":{"self":[{"href":"https:\/\/boutique.notredamedelagarde.com\/fr\/wp-json\/wp\/v2\/product\/1161"}],"collection":[{"href":"https:\/\/boutique.notredamedelagarde.com\/fr\/wp-json\/wp\/v2\/product"}],"about":[{"href":"https:\/\/boutique.notredamedelagarde.com\/fr\/wp-json\/wp\/v2\/types\/product"}],"wp:featuredmedia":[{"embeddable":true,"href":"https:\/\/boutique.notredamedelagarde.com\/fr\/wp-json\/wp\/v2\/media\/271"}],"wp:attachment":[{"href":"https:\/\/boutique.notredamedelagarde.com\/fr\/wp-json\/wp\/v2\/media?parent=1161"}],"wp:term":[{"taxonomy":"product_cat","embeddable":true,"href":"https:\/\/boutique.notredamedelagarde.com\/fr\/wp-json\/wp\/v2\/product_cat?post=1161"},{"taxonomy":"product_tag","embeddable":true,"href":"https:\/\/boutique.notredamedelagarde.com\/fr\/wp-json\/wp\/v2\/product_tag?post=1161"}],"curies":[{"name":"wp","href":"https:\/\/api.w.org\/{rel}","templated":true}]}}