{"id":1163,"date":"2016-09-09T13:12:26","date_gmt":"2016-09-09T13:12:26","guid":{"rendered":"https:\/\/boutique.notredamedelagarde.com?product=ex-voto-marins-de-notre-dame-de-la-garde"},"modified":"2025-11-01T07:57:38","modified_gmt":"2025-11-01T07:57:38","slug":"ex-voto-marins-de-notre-dame-de-la-garde","status":"publish","type":"product","link":"https:\/\/boutique.notredamedelagarde.com\/fr\/product\/ex-voto-marins-de-notre-dame-de-la-garde\/","title":{"rendered":"Ex-voto marins de Notre-Dame de La Garde"},"content":{"rendered":"<p>Tous les visiteurs de Notre-Dame de la Garde, fid\u00e8les p\u00e8lerins, touristes, ont admir\u00e9 les Ex-voto qui tapissent les murs de la basilique. Tous ont compris le sentiment de reconnaissance et de d\u00e9votion filiales qui s&rsquo;est manifest\u00e9 par ces offrandes \u00e0 la Bonne M\u00e8re des Marseillais. Mais beaucoup se sont demand\u00e9s quels \u00e9v\u00e9nements \u00e9voquent ces maquettes, ces peintures ; \u00e0 quelle occasion la puissance tut\u00e9laire de la Vierge s&rsquo;est r\u00e9v\u00e9l\u00e9e.<\/p>\n<p>Ces interrogations ont entra\u00een\u00e9 une \u00e9quipe men\u00e9e par F\u00e9lix REYNAUD \u00e0 une large enqu\u00eate pour retrouver l&rsquo;histoire de chaque ex-voto, de ses h\u00e9ros et des circonstances dans lesquelles la protection de Notre-Dame de la Garde s&rsquo;est faite sentir ?<\/p>\n<p>On trouvera dans ce livre cent trente-cinq ex-voto qui se rapportent \u00e0 la mer. Les uns racontent les naufrages,d&rsquo;autres des temp\u00eates ou des aventures maritimes ; certains rappellent des navigations heureuses et sans probl\u00e8mes. Quelques-uns remercient pour des gr\u00e2ces qui n&rsquo;ont rien \u00e0 voir avec la marine. Beaucoup de donateurs sont des Marseillais mais on en trouve qui viennent de toutes les parties du monde. Tous ces ex-voto illustrent, d&rsquo;une fa\u00e7on ou d&rsquo;une autre, un \u00e9pisode de la grande l\u00e9gende de la mer vue du sommet de la colline o\u00f9 tr\u00f4ne Notre-Dame de La Garde.<\/p>\n<p>Un Index des noms de personnes et de navires guide le chercheur et plus d&rsquo;une soixantaine de photographies dont la moiti\u00e9 en couleur reproduisent les tableaux ou les maquettes les plus spectaculaires.<\/p>\n<p>D&rsquo;autres volumes en pr\u00e9parations traiteront des ex-voto qui se rapportent \u00e0 la maladie,aux dangers de la guerre et aux innombrables circonstances de la vie o\u00f9 des Marseillais ont eu recours \u00e0 la Bonne M\u00e8re et ont \u00e9t\u00e9 exauc\u00e9s.<\/p>\n","protected":false},"excerpt":{"rendered":"<p>Titre : Ex-voto marins de Notre-Dame de La Garde<br \/>\nAuteur\u00a0: F\u00e9lix Reynaud<br \/>\nEditeur\u00a0: La Thune<\/p>\n","protected":false},"featured_media":285,"template":"","meta":[],"product_cat":[31,70],"product_tag":[],"acf":[],"_links":{"self":[{"href":"https:\/\/boutique.notredamedelagarde.com\/fr\/wp-json\/wp\/v2\/product\/1163"}],"collection":[{"href":"https:\/\/boutique.notredamedelagarde.com\/fr\/wp-json\/wp\/v2\/product"}],"about":[{"href":"https:\/\/boutique.notredamedelagarde.com\/fr\/wp-json\/wp\/v2\/types\/product"}],"wp:featuredmedia":[{"embeddable":true,"href":"https:\/\/boutique.notredamedelagarde.com\/fr\/wp-json\/wp\/v2\/media\/285"}],"wp:attachment":[{"href":"https:\/\/boutique.notredamedelagarde.com\/fr\/wp-json\/wp\/v2\/media?parent=1163"}],"wp:term":[{"taxonomy":"product_cat","embeddable":true,"href":"https:\/\/boutique.notredamedelagarde.com\/fr\/wp-json\/wp\/v2\/product_cat?post=1163"},{"taxonomy":"product_tag","embeddable":true,"href":"https:\/\/boutique.notredamedelagarde.com\/fr\/wp-json\/wp\/v2\/product_tag?post=1163"}],"curies":[{"name":"wp","href":"https:\/\/api.w.org\/{rel}","templated":true}]}}