{"id":1165,"date":"2016-09-09T13:19:31","date_gmt":"2016-09-09T13:19:31","guid":{"rendered":"https:\/\/boutique.notredamedelagarde.com?product=ex-voto-de-notre-dame-de-la-garde-la-vie-quotidienne"},"modified":"2026-01-20T18:28:57","modified_gmt":"2026-01-20T18:28:57","slug":"ex-voto-de-notre-dame-de-la-garde-la-vie-quotidienne","status":"publish","type":"product","link":"https:\/\/boutique.notredamedelagarde.com\/fr\/product\/ex-voto-de-notre-dame-de-la-garde-la-vie-quotidienne\/","title":{"rendered":"Ex-voto de Notre-Dame de La Garde &#8211; La vie quotidienne"},"content":{"rendered":"<p>Les Ex-voto de Notre-Dame de la Garde ont d\u00e9j\u00e0 donn\u00e9 lieu \u00e0 la publication de deux volumes, l&rsquo;un consacr\u00e9 aux \u00e9v\u00e9nements maritimes qui ont justifi\u00e9 un recours \u00e0 la protection mariale, l&rsquo;autre montrant l&rsquo;importance de cette protection dans les situations de violence, accidents, agressions et guerres. Ce troisi\u00e8me volume raconte les probl\u00e8mes de la vie priv\u00e9e \u00e9voqu\u00e9s par ces petits tableaux, probl\u00e8mes familiaux, professionnels, de sant\u00e9 et, dans ce dernier cas, le t\u00e9moignage de reconnaissance prouve que la gu\u00e9rison du malade a \u00e9t\u00e9 attribu\u00e9e \u00e0 l&rsquo;intercession de la Vierge.<\/p>\n<p>Les ex-voto d&rsquo;Alfred et de Marie Jauffret, de la famille Rochebrun, de Th\u00e9r\u00e8se Revest nous montrent que, dans toutes les classes de la population marseillaise, on a suppli\u00e9 les puissances c\u00e9lestes pour donner leur pleine efficacit\u00e9 aux moyens humains mis en \u0153uvre. Peintures savantes ou pochades na\u00efves, tout nous prouvent la confiance des Marseillais en leur Bonne M\u00e8re.<\/p>\n","protected":false},"excerpt":{"rendered":"<p>Title: Ex-voto de Notre-Dame de La Garde &#8211; La vie quotidienne<br \/>\nAuteur: F\u00e9lix Reynaud<br \/>\nEditeur: La Thune<\/p>\n","protected":false},"featured_media":297,"template":"","meta":[],"product_cat":[31,70],"product_tag":[],"acf":[],"_links":{"self":[{"href":"https:\/\/boutique.notredamedelagarde.com\/fr\/wp-json\/wp\/v2\/product\/1165"}],"collection":[{"href":"https:\/\/boutique.notredamedelagarde.com\/fr\/wp-json\/wp\/v2\/product"}],"about":[{"href":"https:\/\/boutique.notredamedelagarde.com\/fr\/wp-json\/wp\/v2\/types\/product"}],"wp:featuredmedia":[{"embeddable":true,"href":"https:\/\/boutique.notredamedelagarde.com\/fr\/wp-json\/wp\/v2\/media\/297"}],"wp:attachment":[{"href":"https:\/\/boutique.notredamedelagarde.com\/fr\/wp-json\/wp\/v2\/media?parent=1165"}],"wp:term":[{"taxonomy":"product_cat","embeddable":true,"href":"https:\/\/boutique.notredamedelagarde.com\/fr\/wp-json\/wp\/v2\/product_cat?post=1165"},{"taxonomy":"product_tag","embeddable":true,"href":"https:\/\/boutique.notredamedelagarde.com\/fr\/wp-json\/wp\/v2\/product_tag?post=1165"}],"curies":[{"name":"wp","href":"https:\/\/api.w.org\/{rel}","templated":true}]}}