{"id":1169,"date":"2016-11-15T14:31:31","date_gmt":"2016-11-15T14:31:31","guid":{"rendered":"https:\/\/boutique.notredamedelagarde.com?product=porte-cle-bijou-de-sac-sigle-notre-dame-de-la-garde"},"modified":"2026-04-09T10:34:44","modified_gmt":"2026-04-09T10:34:44","slug":"porte-cle-bijou-de-sac-sigle-notre-dame-de-la-garde","status":"publish","type":"product","link":"https:\/\/boutique.notredamedelagarde.com\/fr\/product\/porte-cle-bijou-de-sac-sigle-notre-dame-de-la-garde\/","title":{"rendered":"Porte-Cl\u00e9 \/ Bijou de sac sigle Notre-Dame de La Garde"},"content":{"rendered":"<p>Porte-clefs et\/ou Bijou de sac.<br \/>\nSigle Notre-Dame de La Garde.<br \/>\nFinition en m\u00e9tal argent\u00e9 patin\u00e9 avec cha\u00eenon en mousqueton.<\/p>\n","protected":false},"excerpt":{"rendered":"<p>Porte-clefs et\/ou Bijou de sac. Sigle Notre-Dame de La Garde. Finition en m\u00e9tal argent\u00e9 patin\u00e9 avec cha\u00eenon en mousqueton.<\/p>\n","protected":false},"featured_media":321,"template":"","meta":[],"product_cat":[57],"product_tag":[],"acf":[],"_links":{"self":[{"href":"https:\/\/boutique.notredamedelagarde.com\/fr\/wp-json\/wp\/v2\/product\/1169"}],"collection":[{"href":"https:\/\/boutique.notredamedelagarde.com\/fr\/wp-json\/wp\/v2\/product"}],"about":[{"href":"https:\/\/boutique.notredamedelagarde.com\/fr\/wp-json\/wp\/v2\/types\/product"}],"wp:featuredmedia":[{"embeddable":true,"href":"https:\/\/boutique.notredamedelagarde.com\/fr\/wp-json\/wp\/v2\/media\/321"}],"wp:attachment":[{"href":"https:\/\/boutique.notredamedelagarde.com\/fr\/wp-json\/wp\/v2\/media?parent=1169"}],"wp:term":[{"taxonomy":"product_cat","embeddable":true,"href":"https:\/\/boutique.notredamedelagarde.com\/fr\/wp-json\/wp\/v2\/product_cat?post=1169"},{"taxonomy":"product_tag","embeddable":true,"href":"https:\/\/boutique.notredamedelagarde.com\/fr\/wp-json\/wp\/v2\/product_tag?post=1169"}],"curies":[{"name":"wp","href":"https:\/\/api.w.org\/{rel}","templated":true}]}}