{"id":1171,"date":"2016-11-15T14:39:45","date_gmt":"2016-11-15T14:39:45","guid":{"rendered":"https:\/\/boutique.notredamedelagarde.com?product=marque-page-perroquet"},"modified":"2025-12-06T07:56:35","modified_gmt":"2025-12-06T07:56:35","slug":"marque-page-perroquet","status":"publish","type":"product","link":"https:\/\/boutique.notredamedelagarde.com\/fr\/product\/marque-page-perroquet\/","title":{"rendered":"Marque-page &#8211; Perroquet"},"content":{"rendered":"<p>Marque-page avec d\u00e9tail de la mosa\u00efque aux Oiseaux du cul-de-four de l&rsquo;abside de la Basilique.<\/p>\n<div>Avec une authentique tesselle \u00e0 la feuille d&rsquo;Or de l&rsquo;origine de la construction provenant des travaux de restauration des mosa\u00efques de la Basilique.<\/div>\n","protected":false},"excerpt":{"rendered":"<p>Marque-page avec d\u00e9tail de la mosa\u00efque aux Oiseaux du cul-de-four de l&rsquo;abside de la Basilique. Avec une authentique tesselle \u00e0 la feuille d&rsquo;Or de l&rsquo;origine de la construction provenant des travaux de restauration des mosa\u00efques de la Basilique.<\/p>\n","protected":false},"featured_media":333,"template":"","meta":[],"product_cat":[36],"product_tag":[],"acf":[],"_links":{"self":[{"href":"https:\/\/boutique.notredamedelagarde.com\/fr\/wp-json\/wp\/v2\/product\/1171"}],"collection":[{"href":"https:\/\/boutique.notredamedelagarde.com\/fr\/wp-json\/wp\/v2\/product"}],"about":[{"href":"https:\/\/boutique.notredamedelagarde.com\/fr\/wp-json\/wp\/v2\/types\/product"}],"wp:featuredmedia":[{"embeddable":true,"href":"https:\/\/boutique.notredamedelagarde.com\/fr\/wp-json\/wp\/v2\/media\/333"}],"wp:attachment":[{"href":"https:\/\/boutique.notredamedelagarde.com\/fr\/wp-json\/wp\/v2\/media?parent=1171"}],"wp:term":[{"taxonomy":"product_cat","embeddable":true,"href":"https:\/\/boutique.notredamedelagarde.com\/fr\/wp-json\/wp\/v2\/product_cat?post=1171"},{"taxonomy":"product_tag","embeddable":true,"href":"https:\/\/boutique.notredamedelagarde.com\/fr\/wp-json\/wp\/v2\/product_tag?post=1171"}],"curies":[{"name":"wp","href":"https:\/\/api.w.org\/{rel}","templated":true}]}}