{"id":1174,"date":"2016-11-15T14:50:35","date_gmt":"2016-11-15T14:50:35","guid":{"rendered":"https:\/\/boutique.notredamedelagarde.com?product=set-de-table-imprime-mosaiques"},"modified":"2025-12-06T07:56:35","modified_gmt":"2025-12-06T07:56:35","slug":"set-de-table-imprime-mosaiques","status":"publish","type":"product","link":"https:\/\/boutique.notredamedelagarde.com\/fr\/product\/set-de-table-imprime-mosaiques\/","title":{"rendered":"Set de table imprim\u00e9 Mosa\u00efques"},"content":{"rendered":"<div>Cr\u00e9ation d&rsquo;apr\u00e8s les mosa\u00efques de la vo\u00fbte de la Nef de la Basilique.<br \/>\nSet de table\u00a0coton.<br \/>\nDimensions : 32 x 44 cm.<\/div>\n","protected":false},"excerpt":{"rendered":"<p>Cr\u00e9ation d&rsquo;apr\u00e8s les mosa\u00efques de la vo\u00fbte de la Nef de la Basilique. Set de table\u00a0coton. Dimensions : 32 x 44 cm.<\/p>\n","protected":false},"featured_media":348,"template":"","meta":[],"product_cat":[36],"product_tag":[],"acf":[],"_links":{"self":[{"href":"https:\/\/boutique.notredamedelagarde.com\/fr\/wp-json\/wp\/v2\/product\/1174"}],"collection":[{"href":"https:\/\/boutique.notredamedelagarde.com\/fr\/wp-json\/wp\/v2\/product"}],"about":[{"href":"https:\/\/boutique.notredamedelagarde.com\/fr\/wp-json\/wp\/v2\/types\/product"}],"wp:featuredmedia":[{"embeddable":true,"href":"https:\/\/boutique.notredamedelagarde.com\/fr\/wp-json\/wp\/v2\/media\/348"}],"wp:attachment":[{"href":"https:\/\/boutique.notredamedelagarde.com\/fr\/wp-json\/wp\/v2\/media?parent=1174"}],"wp:term":[{"taxonomy":"product_cat","embeddable":true,"href":"https:\/\/boutique.notredamedelagarde.com\/fr\/wp-json\/wp\/v2\/product_cat?post=1174"},{"taxonomy":"product_tag","embeddable":true,"href":"https:\/\/boutique.notredamedelagarde.com\/fr\/wp-json\/wp\/v2\/product_tag?post=1174"}],"curies":[{"name":"wp","href":"https:\/\/api.w.org\/{rel}","templated":true}]}}