{"id":1175,"date":"2016-11-15T14:52:30","date_gmt":"2016-11-15T14:52:30","guid":{"rendered":"https:\/\/boutique.notredamedelagarde.com?product=horloge-murale-perroquet"},"modified":"2025-12-17T10:19:01","modified_gmt":"2025-12-17T10:19:01","slug":"horloge-murale-perroquet","status":"publish","type":"product","link":"https:\/\/boutique.notredamedelagarde.com\/fr\/product\/horloge-murale-perroquet\/","title":{"rendered":"Horloge murale perroquet"},"content":{"rendered":"<p>Horloge murale en verre motif Perroquet. Cr\u00e9ation d&rsquo;apr\u00e8s la mosa\u00efque aux oiseaux du cul-de-four de l&rsquo;abside de la Basilique (voir photos sur le site officiel de la Basilique)<\/p>\n<p>Fonctionne avec une\u00a0pile AA, dimensions \u00f8 29 cm.<br \/>\n*Piles non incluses.<\/p>\n","protected":false},"excerpt":{"rendered":"<p>Horloge murale en verre motif Perroquet. Cr\u00e9ation d&rsquo;apr\u00e8s la mosa\u00efque aux oiseaux du cul-de-four de l&rsquo;abside de la Basilique (voir photos sur le site officiel de la Basilique) Fonctionne avec une\u00a0pile AA, dimensions \u00f8 29 cm. *Piles non incluses.<\/p>\n","protected":false},"featured_media":355,"template":"","meta":[],"product_cat":[36],"product_tag":[],"acf":[],"_links":{"self":[{"href":"https:\/\/boutique.notredamedelagarde.com\/fr\/wp-json\/wp\/v2\/product\/1175"}],"collection":[{"href":"https:\/\/boutique.notredamedelagarde.com\/fr\/wp-json\/wp\/v2\/product"}],"about":[{"href":"https:\/\/boutique.notredamedelagarde.com\/fr\/wp-json\/wp\/v2\/types\/product"}],"wp:featuredmedia":[{"embeddable":true,"href":"https:\/\/boutique.notredamedelagarde.com\/fr\/wp-json\/wp\/v2\/media\/355"}],"wp:attachment":[{"href":"https:\/\/boutique.notredamedelagarde.com\/fr\/wp-json\/wp\/v2\/media?parent=1175"}],"wp:term":[{"taxonomy":"product_cat","embeddable":true,"href":"https:\/\/boutique.notredamedelagarde.com\/fr\/wp-json\/wp\/v2\/product_cat?post=1175"},{"taxonomy":"product_tag","embeddable":true,"href":"https:\/\/boutique.notredamedelagarde.com\/fr\/wp-json\/wp\/v2\/product_tag?post=1175"}],"curies":[{"name":"wp","href":"https:\/\/api.w.org\/{rel}","templated":true}]}}