{"id":1184,"date":"2016-11-24T00:19:11","date_gmt":"2016-11-24T00:19:11","guid":{"rendered":"https:\/\/boutique.notredamedelagarde.com?product=bande-dessinee-notre-dame-de-la-garde-anglais"},"modified":"2026-02-20T12:11:02","modified_gmt":"2026-02-20T12:11:02","slug":"bande-dessinee-notre-dame-de-la-garde-anglais","status":"publish","type":"product","link":"https:\/\/boutique.notredamedelagarde.com\/fr\/product\/bande-dessinee-notre-dame-de-la-garde-anglais\/","title":{"rendered":"Bande dessin\u00e9e Notre-Dame de La Garde (Anglais)"},"content":{"rendered":"<p>Bande dessin\u00e9e retra\u00e7ant\u00a0l&rsquo;histoire de la Basilique\u00a0Notre-Dame de La Garde.<\/p>\n<p>Mettre l&rsquo;histoire de Notre-Dame de La Garde en bande dessin\u00e9e\u00a0fut\u00a0un<br \/>\npari audacieux qu&rsquo;ont relev\u00e9 tous les acteurs de cette merveilleuse aventure.<\/p>\n<p>En\u00a0Anglais.<\/p>\n<p>Disponible aussi en anglais, allemand, espagnol, fran\u00e7ais et italien.<\/p>\n","protected":false},"excerpt":{"rendered":"<p>Bande dessin\u00e9e retra\u00e7ant\u00a0l&rsquo;histoire de la Basilique\u00a0Notre-Dame de La Garde. Mettre l&rsquo;histoire de Notre-Dame de La Garde en bande dessin\u00e9e\u00a0fut\u00a0un pari audacieux qu&rsquo;ont relev\u00e9 tous les acteurs de cette merveilleuse aventure. En\u00a0Anglais. Disponible aussi en anglais, allemand, espagnol, fran\u00e7ais et italien.<\/p>\n","protected":false},"featured_media":404,"template":"","meta":[],"product_cat":[31,69],"product_tag":[],"acf":[],"_links":{"self":[{"href":"https:\/\/boutique.notredamedelagarde.com\/fr\/wp-json\/wp\/v2\/product\/1184"}],"collection":[{"href":"https:\/\/boutique.notredamedelagarde.com\/fr\/wp-json\/wp\/v2\/product"}],"about":[{"href":"https:\/\/boutique.notredamedelagarde.com\/fr\/wp-json\/wp\/v2\/types\/product"}],"wp:featuredmedia":[{"embeddable":true,"href":"https:\/\/boutique.notredamedelagarde.com\/fr\/wp-json\/wp\/v2\/media\/404"}],"wp:attachment":[{"href":"https:\/\/boutique.notredamedelagarde.com\/fr\/wp-json\/wp\/v2\/media?parent=1184"}],"wp:term":[{"taxonomy":"product_cat","embeddable":true,"href":"https:\/\/boutique.notredamedelagarde.com\/fr\/wp-json\/wp\/v2\/product_cat?post=1184"},{"taxonomy":"product_tag","embeddable":true,"href":"https:\/\/boutique.notredamedelagarde.com\/fr\/wp-json\/wp\/v2\/product_tag?post=1184"}],"curies":[{"name":"wp","href":"https:\/\/api.w.org\/{rel}","templated":true}]}}