{"id":1189,"date":"2017-04-01T14:38:13","date_gmt":"2017-04-01T14:38:13","guid":{"rendered":"https:\/\/boutique.notredamedelagarde.com?product=boule-de-noel"},"modified":"2025-12-27T09:32:53","modified_gmt":"2025-12-27T09:32:53","slug":"boule-de-noel","status":"publish","type":"product","link":"https:\/\/boutique.notredamedelagarde.com\/fr\/product\/boule-de-noel\/","title":{"rendered":"Boule de No\u00ebl"},"content":{"rendered":"<p>Boule de No\u00ebl<\/p>\n<p>Reproduction de la cr\u00e8che de No\u00ebl expos\u00e9e \u00e0 la Basilique Notre-Dame de La Garde durant les f\u00eates de fin d&rsquo;ann\u00e9e.<\/p>\n<p><a href=\"http:\/\/www.notredamedelagarde.com\/Les-creches-de-Notre-Dame.html\">http:\/\/www.notredamedelagarde.com\/Les-creches-de-Notre-Dame.html<\/a><\/p>\n<p>&nbsp;<\/p>\n","protected":false},"excerpt":{"rendered":"<p>Boule de No\u00ebl<\/p>\n<p>&nbsp;<\/p>\n","protected":false},"featured_media":423,"template":"","meta":[],"product_cat":[32,128],"product_tag":[],"acf":[],"_links":{"self":[{"href":"https:\/\/boutique.notredamedelagarde.com\/fr\/wp-json\/wp\/v2\/product\/1189"}],"collection":[{"href":"https:\/\/boutique.notredamedelagarde.com\/fr\/wp-json\/wp\/v2\/product"}],"about":[{"href":"https:\/\/boutique.notredamedelagarde.com\/fr\/wp-json\/wp\/v2\/types\/product"}],"wp:featuredmedia":[{"embeddable":true,"href":"https:\/\/boutique.notredamedelagarde.com\/fr\/wp-json\/wp\/v2\/media\/423"}],"wp:attachment":[{"href":"https:\/\/boutique.notredamedelagarde.com\/fr\/wp-json\/wp\/v2\/media?parent=1189"}],"wp:term":[{"taxonomy":"product_cat","embeddable":true,"href":"https:\/\/boutique.notredamedelagarde.com\/fr\/wp-json\/wp\/v2\/product_cat?post=1189"},{"taxonomy":"product_tag","embeddable":true,"href":"https:\/\/boutique.notredamedelagarde.com\/fr\/wp-json\/wp\/v2\/product_tag?post=1189"}],"curies":[{"name":"wp","href":"https:\/\/api.w.org\/{rel}","templated":true}]}}