{"id":1191,"date":"2017-04-06T10:47:18","date_gmt":"2017-04-06T10:47:18","guid":{"rendered":"https:\/\/boutique.notredamedelagarde.com?product=chapelet-en-hematite"},"modified":"2026-02-27T08:41:26","modified_gmt":"2026-02-27T08:41:26","slug":"chapelet-en-hematite","status":"publish","type":"product","link":"https:\/\/boutique.notredamedelagarde.com\/fr\/product\/chapelet-en-hematite\/","title":{"rendered":"Chapelet en h\u00e9matite"},"content":{"rendered":"<p>Chapelet en h\u00e9matite. C\u0153ur NDG buste, verso basilique.<br \/>\nMont\u00e9 sur fil argent\u00e9, grain rond. Dimensions : 43 cm.<br \/>\nFabrication fran\u00e7aise.<\/p>\n","protected":false},"excerpt":{"rendered":"<p>Chapelet en h\u00e9matite. C\u0153ur NDG buste, verso basilique. Mont\u00e9 sur fil argent\u00e9, grain rond. Dimensions : 43 cm. Fabrication fran\u00e7aise.<\/p>\n","protected":false},"featured_media":437,"template":"","meta":[],"product_cat":[52],"product_tag":[],"acf":[],"_links":{"self":[{"href":"https:\/\/boutique.notredamedelagarde.com\/fr\/wp-json\/wp\/v2\/product\/1191"}],"collection":[{"href":"https:\/\/boutique.notredamedelagarde.com\/fr\/wp-json\/wp\/v2\/product"}],"about":[{"href":"https:\/\/boutique.notredamedelagarde.com\/fr\/wp-json\/wp\/v2\/types\/product"}],"wp:featuredmedia":[{"embeddable":true,"href":"https:\/\/boutique.notredamedelagarde.com\/fr\/wp-json\/wp\/v2\/media\/437"}],"wp:attachment":[{"href":"https:\/\/boutique.notredamedelagarde.com\/fr\/wp-json\/wp\/v2\/media?parent=1191"}],"wp:term":[{"taxonomy":"product_cat","embeddable":true,"href":"https:\/\/boutique.notredamedelagarde.com\/fr\/wp-json\/wp\/v2\/product_cat?post=1191"},{"taxonomy":"product_tag","embeddable":true,"href":"https:\/\/boutique.notredamedelagarde.com\/fr\/wp-json\/wp\/v2\/product_tag?post=1191"}],"curies":[{"name":"wp","href":"https:\/\/api.w.org\/{rel}","templated":true}]}}