{"id":1202,"date":"2017-04-14T15:18:39","date_gmt":"2017-04-14T15:18:39","guid":{"rendered":"https:\/\/boutique.notredamedelagarde.com?product=creche-de-noel-en-tissu"},"modified":"2023-05-24T14:28:36","modified_gmt":"2023-05-24T14:28:36","slug":"creche-de-noel-en-tissu","status":"publish","type":"product","link":"https:\/\/boutique.notredamedelagarde.com\/fr\/product\/creche-de-noel-en-tissu\/","title":{"rendered":"Cr\u00e8che de No\u00ebl en tissu"},"content":{"rendered":"<p>Cr\u00e8che de No\u00ebl en tissu.<\/p>\n<p>Fait \u00e0 la main dans un atelier solidaire aux Philippines.<\/p>\n<p>7 personnages. Hauteur des personnages : 10 cm. Cr\u00e8che 20 cm x 22 cm.<\/p>\n<p>Ne convient pas aux enfants de moins de 3 ans.<\/p>\n","protected":false},"excerpt":{"rendered":"<p>Cr\u00e8che de No\u00ebl en tissu. Fait \u00e0 la main dans un atelier solidaire aux Philippines. 7 personnages. Hauteur des personnages : 10 cm. Cr\u00e8che 20 cm x 22 cm. Ne convient pas aux enfants de moins de 3 ans.<\/p>\n","protected":false},"featured_media":494,"template":"","meta":[],"product_cat":[32],"product_tag":[],"acf":[],"_links":{"self":[{"href":"https:\/\/boutique.notredamedelagarde.com\/fr\/wp-json\/wp\/v2\/product\/1202"}],"collection":[{"href":"https:\/\/boutique.notredamedelagarde.com\/fr\/wp-json\/wp\/v2\/product"}],"about":[{"href":"https:\/\/boutique.notredamedelagarde.com\/fr\/wp-json\/wp\/v2\/types\/product"}],"wp:featuredmedia":[{"embeddable":true,"href":"https:\/\/boutique.notredamedelagarde.com\/fr\/wp-json\/wp\/v2\/media\/494"}],"wp:attachment":[{"href":"https:\/\/boutique.notredamedelagarde.com\/fr\/wp-json\/wp\/v2\/media?parent=1202"}],"wp:term":[{"taxonomy":"product_cat","embeddable":true,"href":"https:\/\/boutique.notredamedelagarde.com\/fr\/wp-json\/wp\/v2\/product_cat?post=1202"},{"taxonomy":"product_tag","embeddable":true,"href":"https:\/\/boutique.notredamedelagarde.com\/fr\/wp-json\/wp\/v2\/product_tag?post=1202"}],"curies":[{"name":"wp","href":"https:\/\/api.w.org\/{rel}","templated":true}]}}