{"id":1221,"date":"2017-05-03T09:59:06","date_gmt":"2017-05-03T09:59:06","guid":{"rendered":"https:\/\/boutique.notredamedelagarde.com?product=medaille-ronde-o15-mm-plaque-or"},"modified":"2023-12-14T14:52:25","modified_gmt":"2023-12-14T14:52:25","slug":"medaille-ronde-o15-mm-plaque-or","status":"publish","type":"product","link":"https:\/\/boutique.notredamedelagarde.com\/fr\/product\/medaille-ronde-o15-mm-plaque-or\/","title":{"rendered":"M\u00e9daille ronde \u00f815 mm Plaqu\u00e9 Or"},"content":{"rendered":"<p>M\u00e9daille Ronde plaqu\u00e9 Or.<br \/>\nBuste Notre-Dame de La Garde.<br \/>\nPlaqu\u00e9e Or 750\/1000 3 microns.<br \/>\nDiam\u00e8tre : \u00d8 15 mm.<br \/>\nFabrication fran\u00e7aise.<\/p>\n","protected":false},"excerpt":{"rendered":"<p>M\u00e9daille Ronde plaqu\u00e9 Or. Buste Notre-Dame de La Garde. Plaqu\u00e9e Or 750\/1000 3 microns. Diam\u00e8tre : \u00d8 15 mm. Fabrication fran\u00e7aise.<\/p>\n","protected":false},"featured_media":847,"template":"","meta":[],"product_cat":[55],"product_tag":[],"acf":[],"_links":{"self":[{"href":"https:\/\/boutique.notredamedelagarde.com\/fr\/wp-json\/wp\/v2\/product\/1221"}],"collection":[{"href":"https:\/\/boutique.notredamedelagarde.com\/fr\/wp-json\/wp\/v2\/product"}],"about":[{"href":"https:\/\/boutique.notredamedelagarde.com\/fr\/wp-json\/wp\/v2\/types\/product"}],"wp:featuredmedia":[{"embeddable":true,"href":"https:\/\/boutique.notredamedelagarde.com\/fr\/wp-json\/wp\/v2\/media\/847"}],"wp:attachment":[{"href":"https:\/\/boutique.notredamedelagarde.com\/fr\/wp-json\/wp\/v2\/media?parent=1221"}],"wp:term":[{"taxonomy":"product_cat","embeddable":true,"href":"https:\/\/boutique.notredamedelagarde.com\/fr\/wp-json\/wp\/v2\/product_cat?post=1221"},{"taxonomy":"product_tag","embeddable":true,"href":"https:\/\/boutique.notredamedelagarde.com\/fr\/wp-json\/wp\/v2\/product_tag?post=1221"}],"curies":[{"name":"wp","href":"https:\/\/api.w.org\/{rel}","templated":true}]}}