{"id":2311,"date":"2017-11-17T13:10:03","date_gmt":"2017-11-17T13:10:03","guid":{"rendered":"https:\/\/preprod.ndlg.solidnames.fr\/?post_type=product&#038;p=2311\/"},"modified":"2023-05-24T14:28:40","modified_gmt":"2023-05-24T14:28:40","slug":"statue-notre-dame-de-la-garde-little-drops-water","status":"publish","type":"product","link":"https:\/\/boutique.notredamedelagarde.com\/fr\/product\/statue-notre-dame-de-la-garde-little-drops-water\/","title":{"rendered":"Statue Notre-Dame de La Garde &#8211; Little Drops Water"},"content":{"rendered":"<div>Statue Notre-Dame de La Garde 9 cm<br \/>\nde la s\u00e9rie Little Drops Water,<\/div>\n<p>en r\u00e9sine dor\u00e9e peinte \u00e0 la main.<\/p>\n","protected":false},"excerpt":{"rendered":"<p>Statue Notre-Dame de La Garde 9 cm de la s\u00e9rie Little Drops Water, en r\u00e9sine dor\u00e9e peinte \u00e0 la main.<\/p>\n","protected":false},"featured_media":2313,"template":"","meta":[],"product_cat":[37],"product_tag":[],"acf":[],"_links":{"self":[{"href":"https:\/\/boutique.notredamedelagarde.com\/fr\/wp-json\/wp\/v2\/product\/2311"}],"collection":[{"href":"https:\/\/boutique.notredamedelagarde.com\/fr\/wp-json\/wp\/v2\/product"}],"about":[{"href":"https:\/\/boutique.notredamedelagarde.com\/fr\/wp-json\/wp\/v2\/types\/product"}],"wp:featuredmedia":[{"embeddable":true,"href":"https:\/\/boutique.notredamedelagarde.com\/fr\/wp-json\/wp\/v2\/media\/2313"}],"wp:attachment":[{"href":"https:\/\/boutique.notredamedelagarde.com\/fr\/wp-json\/wp\/v2\/media?parent=2311"}],"wp:term":[{"taxonomy":"product_cat","embeddable":true,"href":"https:\/\/boutique.notredamedelagarde.com\/fr\/wp-json\/wp\/v2\/product_cat?post=2311"},{"taxonomy":"product_tag","embeddable":true,"href":"https:\/\/boutique.notredamedelagarde.com\/fr\/wp-json\/wp\/v2\/product_tag?post=2311"}],"curies":[{"name":"wp","href":"https:\/\/api.w.org\/{rel}","templated":true}]}}