{"id":2351,"date":"2017-11-21T13:48:46","date_gmt":"2017-11-21T13:48:46","guid":{"rendered":"https:\/\/boutique.notredamedelagarde.com\/?post_type=product&#038;p=2351\/"},"modified":"2026-04-20T08:35:07","modified_gmt":"2026-04-20T08:35:07","slug":"medaillendg-nicheplaque-or-copie","status":"publish","type":"product","link":"https:\/\/boutique.notredamedelagarde.com\/fr\/product\/medaillendg-nicheplaque-or-copie\/","title":{"rendered":"M\u00e9daille niche Notre-Dame de La Garde facett\u00e9e Plaqu\u00e9 Or"},"content":{"rendered":"<p>M\u00e9daille niche, Notre-Dame de La Garde, sur pied facett\u00e9.<br \/>\nPlaqu\u00e9e Or 750\/1000 3 microns.<br \/>\nDimensions : 25 mm.<br \/>\nFabrication fran\u00e7aise.<\/p>\n","protected":false},"excerpt":{"rendered":"<p>M\u00e9daille niche, Notre-Dame de La Garde, sur pied facett\u00e9. Plaqu\u00e9e Or 750\/1000 3 microns. Dimensions : 25 mm. Fabrication fran\u00e7aise.<\/p>\n","protected":false},"featured_media":2353,"template":"","meta":[],"product_cat":[55],"product_tag":[],"acf":[],"_links":{"self":[{"href":"https:\/\/boutique.notredamedelagarde.com\/fr\/wp-json\/wp\/v2\/product\/2351"}],"collection":[{"href":"https:\/\/boutique.notredamedelagarde.com\/fr\/wp-json\/wp\/v2\/product"}],"about":[{"href":"https:\/\/boutique.notredamedelagarde.com\/fr\/wp-json\/wp\/v2\/types\/product"}],"wp:featuredmedia":[{"embeddable":true,"href":"https:\/\/boutique.notredamedelagarde.com\/fr\/wp-json\/wp\/v2\/media\/2353"}],"wp:attachment":[{"href":"https:\/\/boutique.notredamedelagarde.com\/fr\/wp-json\/wp\/v2\/media?parent=2351"}],"wp:term":[{"taxonomy":"product_cat","embeddable":true,"href":"https:\/\/boutique.notredamedelagarde.com\/fr\/wp-json\/wp\/v2\/product_cat?post=2351"},{"taxonomy":"product_tag","embeddable":true,"href":"https:\/\/boutique.notredamedelagarde.com\/fr\/wp-json\/wp\/v2\/product_tag?post=2351"}],"curies":[{"name":"wp","href":"https:\/\/api.w.org\/{rel}","templated":true}]}}