{"id":2370,"date":"2017-11-22T08:18:11","date_gmt":"2017-11-22T08:18:11","guid":{"rendered":"https:\/\/boutique.notredamedelagarde.com\/?post_type=product&#038;p=2370\/"},"modified":"2025-10-16T12:32:47","modified_gmt":"2025-10-16T12:32:47","slug":"medaille-nichenotre-dame-de-la-gardesur-pied-facette-argent","status":"publish","type":"product","link":"https:\/\/boutique.notredamedelagarde.com\/fr\/product\/medaille-nichenotre-dame-de-la-gardesur-pied-facette-argent\/","title":{"rendered":"M\u00e9daille nicheNotre-Dame de La Gardesur pied facett\u00e9 &#8211; Argent"},"content":{"rendered":"<p>M\u00e9daille niche, Notre-Dame de La Garde sur pied.<br \/>\nArgent .925.<br \/>\nDimensions : 25 mm.<br \/>\nFabrication fran\u00e7aise.<\/p>\n","protected":false},"excerpt":{"rendered":"<p>M\u00e9daille niche, Notre-Dame de La Garde sur pied. Argent .925. Dimensions : 25 mm. Fabrication fran\u00e7aise.<\/p>\n","protected":false},"featured_media":161,"template":"","meta":[],"product_cat":[56],"product_tag":[],"acf":[],"_links":{"self":[{"href":"https:\/\/boutique.notredamedelagarde.com\/fr\/wp-json\/wp\/v2\/product\/2370"}],"collection":[{"href":"https:\/\/boutique.notredamedelagarde.com\/fr\/wp-json\/wp\/v2\/product"}],"about":[{"href":"https:\/\/boutique.notredamedelagarde.com\/fr\/wp-json\/wp\/v2\/types\/product"}],"wp:featuredmedia":[{"embeddable":true,"href":"https:\/\/boutique.notredamedelagarde.com\/fr\/wp-json\/wp\/v2\/media\/161"}],"wp:attachment":[{"href":"https:\/\/boutique.notredamedelagarde.com\/fr\/wp-json\/wp\/v2\/media?parent=2370"}],"wp:term":[{"taxonomy":"product_cat","embeddable":true,"href":"https:\/\/boutique.notredamedelagarde.com\/fr\/wp-json\/wp\/v2\/product_cat?post=2370"},{"taxonomy":"product_tag","embeddable":true,"href":"https:\/\/boutique.notredamedelagarde.com\/fr\/wp-json\/wp\/v2\/product_tag?post=2370"}],"curies":[{"name":"wp","href":"https:\/\/api.w.org\/{rel}","templated":true}]}}