{"id":2754,"date":"2017-12-06T10:06:51","date_gmt":"2017-12-06T10:06:51","guid":{"rendered":"https:\/\/boutique.notredamedelagarde.com\/?post_type=product&#038;p=2754\/"},"modified":"2023-05-24T14:28:40","modified_gmt":"2023-05-24T14:28:40","slug":"bibleen-francais-courant","status":"publish","type":"product","link":"https:\/\/boutique.notredamedelagarde.com\/fr\/product\/bibleen-francais-courant\/","title":{"rendered":"Bible en fran\u00e7ais courant"},"content":{"rendered":"<p>Traduction respectueuse du texte original utilisant un fran\u00e7ais \u00ab\u00a0contemporain\u00a0\u00bb.<br \/>\nCette bible \u00e9claire par sa pr\u00e9sentation les particularit\u00e9s historiques, g\u00e9ographiques et culturelles.<br \/>\nAvec une introduction \u00e0 chaque livre et cartes couleur pour une meilleur compr\u00e9hension.<br \/>\nReliure semi-rigide, simili-cuir havane avec onglets. Avec les deut\u00e9rocanoniques et les notes.<br \/>\n\u00c9diteur Alliance biblique universelle.<\/p>\n","protected":false},"excerpt":{"rendered":"<p>Traduction respectueuse du texte original utilisant un fran\u00e7ais \u00ab\u00a0contemporain\u00a0\u00bb. Cette bible \u00e9claire par sa pr\u00e9sentation les particularit\u00e9s historiques, g\u00e9ographiques et culturelles. Avec une introduction \u00e0 chaque livre et cartes couleur pour une meilleur compr\u00e9hension. Reliure semi-rigide, simili-cuir havane avec onglets. Avec les deut\u00e9rocanoniques et les notes. \u00c9diteur Alliance biblique universelle.<\/p>\n","protected":false},"featured_media":2839,"template":"","meta":[],"product_cat":[31,67],"product_tag":[],"acf":[],"_links":{"self":[{"href":"https:\/\/boutique.notredamedelagarde.com\/fr\/wp-json\/wp\/v2\/product\/2754"}],"collection":[{"href":"https:\/\/boutique.notredamedelagarde.com\/fr\/wp-json\/wp\/v2\/product"}],"about":[{"href":"https:\/\/boutique.notredamedelagarde.com\/fr\/wp-json\/wp\/v2\/types\/product"}],"wp:featuredmedia":[{"embeddable":true,"href":"https:\/\/boutique.notredamedelagarde.com\/fr\/wp-json\/wp\/v2\/media\/2839"}],"wp:attachment":[{"href":"https:\/\/boutique.notredamedelagarde.com\/fr\/wp-json\/wp\/v2\/media?parent=2754"}],"wp:term":[{"taxonomy":"product_cat","embeddable":true,"href":"https:\/\/boutique.notredamedelagarde.com\/fr\/wp-json\/wp\/v2\/product_cat?post=2754"},{"taxonomy":"product_tag","embeddable":true,"href":"https:\/\/boutique.notredamedelagarde.com\/fr\/wp-json\/wp\/v2\/product_tag?post=2754"}],"curies":[{"name":"wp","href":"https:\/\/api.w.org\/{rel}","templated":true}]}}