{"id":2779,"date":"2017-12-06T10:26:35","date_gmt":"2017-12-06T10:26:35","guid":{"rendered":"https:\/\/boutique.notredamedelagarde.com\/?post_type=product&#038;p=2779\/"},"modified":"2023-05-24T14:28:40","modified_gmt":"2023-05-24T14:28:40","slug":"bibletob-32e-au-lieu-de-4250e","status":"publish","type":"product","link":"https:\/\/boutique.notredamedelagarde.com\/fr\/product\/bibletob-32e-au-lieu-de-4250e\/","title":{"rendered":"Bible<br\/>TOB <br\/>Blanche <br\/>"},"content":{"rendered":"<p>La traduction \u0153cum\u00e9nique de la Bible (TOB) a permis que des biblistes catholiques, protestants et orthodoxes travaillent ensemble pour produire une traduction moderne dont la fiabilit\u00e9 et le s\u00e9rieux sont aujourd&rsquo;hui reconnus par tous.<br \/>\nAvec de nombreuses aides \u00e0 la lecture, la bible TOB est tout indiqu\u00e9e pour se plonger dans les r\u00e9cits plusieurs fois mill\u00e9naires de la Bible.<\/p>\n<p>Reliure semi-rigide, simili-cuir blanc, tranches or, \u00e9tui.<br \/>\n\u00c9diteurs Le Cerf \/ Bibli&rsquo;o<\/p>\n","protected":false},"excerpt":{"rendered":"<p>La traduction \u0153cum\u00e9nique de la Bible (TOB) a permis que des biblistes catholiques, protestants et orthodoxes travaillent ensemble pour produire une traduction moderne dont la fiabilit\u00e9 et le s\u00e9rieux sont aujourd&rsquo;hui reconnus par tous. Avec de nombreuses aides \u00e0 la lecture, la bible TOB est tout indiqu\u00e9e pour se plonger dans les r\u00e9cits plusieurs fois [&hellip;]<\/p>\n","protected":false},"featured_media":2787,"template":"","meta":[],"product_cat":[31,67],"product_tag":[],"acf":[],"_links":{"self":[{"href":"https:\/\/boutique.notredamedelagarde.com\/fr\/wp-json\/wp\/v2\/product\/2779"}],"collection":[{"href":"https:\/\/boutique.notredamedelagarde.com\/fr\/wp-json\/wp\/v2\/product"}],"about":[{"href":"https:\/\/boutique.notredamedelagarde.com\/fr\/wp-json\/wp\/v2\/types\/product"}],"wp:featuredmedia":[{"embeddable":true,"href":"https:\/\/boutique.notredamedelagarde.com\/fr\/wp-json\/wp\/v2\/media\/2787"}],"wp:attachment":[{"href":"https:\/\/boutique.notredamedelagarde.com\/fr\/wp-json\/wp\/v2\/media?parent=2779"}],"wp:term":[{"taxonomy":"product_cat","embeddable":true,"href":"https:\/\/boutique.notredamedelagarde.com\/fr\/wp-json\/wp\/v2\/product_cat?post=2779"},{"taxonomy":"product_tag","embeddable":true,"href":"https:\/\/boutique.notredamedelagarde.com\/fr\/wp-json\/wp\/v2\/product_tag?post=2779"}],"curies":[{"name":"wp","href":"https:\/\/api.w.org\/{rel}","templated":true}]}}