{"id":2812,"date":"2017-12-06T15:27:47","date_gmt":"2017-12-06T15:27:47","guid":{"rendered":"https:\/\/boutique.notredamedelagarde.com\/?post_type=product&#038;p=2812\/"},"modified":"2023-05-24T14:28:40","modified_gmt":"2023-05-24T14:28:40","slug":"bibleen-francais-courant-20e-au-lieu-de-2590e","status":"publish","type":"product","link":"https:\/\/boutique.notredamedelagarde.com\/fr\/product\/bibleen-francais-courant-20e-au-lieu-de-2590e\/","title":{"rendered":"Bible<br\/>en fran\u00e7ais courant <br\/>"},"content":{"rendered":"<p>\u00c9dition sans notes, mais avec une introduction \u00e0 chaque livre, un vocabulaire, un tableau chronologique,<br \/>\n2 plans noir et blanc et 4 cartes g\u00e9ographiques en couleur.<br \/>\nReliure semi-rigide, simili-cuir havane tranches or.<br \/>\n\u00c9diteur Bibli&rsquo;o.<\/p>\n","protected":false},"excerpt":{"rendered":"<p>\u00c9dition sans notes, mais avec une introduction \u00e0 chaque livre, un vocabulaire, un tableau chronologique, 2 plans noir et blanc et 4 cartes g\u00e9ographiques en couleur. Reliure semi-rigide, simili-cuir havane tranches or. \u00c9diteur Bibli&rsquo;o.<\/p>\n","protected":false},"featured_media":2822,"template":"","meta":[],"product_cat":[31,67],"product_tag":[],"acf":[],"_links":{"self":[{"href":"https:\/\/boutique.notredamedelagarde.com\/fr\/wp-json\/wp\/v2\/product\/2812"}],"collection":[{"href":"https:\/\/boutique.notredamedelagarde.com\/fr\/wp-json\/wp\/v2\/product"}],"about":[{"href":"https:\/\/boutique.notredamedelagarde.com\/fr\/wp-json\/wp\/v2\/types\/product"}],"wp:featuredmedia":[{"embeddable":true,"href":"https:\/\/boutique.notredamedelagarde.com\/fr\/wp-json\/wp\/v2\/media\/2822"}],"wp:attachment":[{"href":"https:\/\/boutique.notredamedelagarde.com\/fr\/wp-json\/wp\/v2\/media?parent=2812"}],"wp:term":[{"taxonomy":"product_cat","embeddable":true,"href":"https:\/\/boutique.notredamedelagarde.com\/fr\/wp-json\/wp\/v2\/product_cat?post=2812"},{"taxonomy":"product_tag","embeddable":true,"href":"https:\/\/boutique.notredamedelagarde.com\/fr\/wp-json\/wp\/v2\/product_tag?post=2812"}],"curies":[{"name":"wp","href":"https:\/\/api.w.org\/{rel}","templated":true}]}}