{"id":3191,"date":"2018-09-20T12:04:52","date_gmt":"2018-09-20T12:04:52","guid":{"rendered":"https:\/\/boutique.notredamedelagarde.com\/?post_type=product&#038;p=3191\/"},"modified":"2023-05-24T14:28:41","modified_gmt":"2023-05-24T14:28:41","slug":"mon-ecrin-de-prieres","status":"publish","type":"product","link":"https:\/\/boutique.notredamedelagarde.com\/fr\/product\/mon-ecrin-de-prieres\/","title":{"rendered":"Mon \u00e9crin de pri\u00e8res"},"content":{"rendered":"<p>Mon \u00e9crin de pri\u00e8res de Marc Vallot.\u00a0<br \/>\nLes grandes pri\u00e8res de l&rsquo;Eglise rassembl\u00e9es en un seul ouvrage.<br \/>\nUn \u00e9crin pr\u00e9cieux pour (re)d\u00e9couvrir le tr\u00e9sor de la pri\u00e8re. Les grandes pri\u00e8res de l&rsquo;\u00c9glise rassembl\u00e9es en un seul ouvrage. Un magnifique livre avec dos effet cuir, fer \u00e0 dorer sur la couverture, or \u00e0 l&rsquo;int\u00e9rieur et une riche iconographie d&rsquo;art.<\/p>\n<p>Date de parution : 17\/10\/2014<br \/>\nFormat : 11 x 15\u00a0<br \/>\nPagination : 128 pages\u00a0<br \/>\nISBN : 9782728919789<br \/>\nMDS : 531394<\/p>\n","protected":false},"excerpt":{"rendered":"<p>Mon \u00e9crin de pri\u00e8res de Marc Vallot.\u00a0 Les grandes pri\u00e8res de l&rsquo;Eglise rassembl\u00e9es en un seul ouvrage. Un \u00e9crin pr\u00e9cieux pour (re)d\u00e9couvrir le tr\u00e9sor de la pri\u00e8re. Les grandes pri\u00e8res de l&rsquo;\u00c9glise rassembl\u00e9es en un seul ouvrage. Un magnifique livre avec dos effet cuir, fer \u00e0 dorer sur la couverture, or \u00e0 l&rsquo;int\u00e9rieur et une [&hellip;]<\/p>\n","protected":false},"featured_media":3194,"template":"","meta":[],"product_cat":[31],"product_tag":[],"acf":[],"_links":{"self":[{"href":"https:\/\/boutique.notredamedelagarde.com\/fr\/wp-json\/wp\/v2\/product\/3191"}],"collection":[{"href":"https:\/\/boutique.notredamedelagarde.com\/fr\/wp-json\/wp\/v2\/product"}],"about":[{"href":"https:\/\/boutique.notredamedelagarde.com\/fr\/wp-json\/wp\/v2\/types\/product"}],"wp:featuredmedia":[{"embeddable":true,"href":"https:\/\/boutique.notredamedelagarde.com\/fr\/wp-json\/wp\/v2\/media\/3194"}],"wp:attachment":[{"href":"https:\/\/boutique.notredamedelagarde.com\/fr\/wp-json\/wp\/v2\/media?parent=3191"}],"wp:term":[{"taxonomy":"product_cat","embeddable":true,"href":"https:\/\/boutique.notredamedelagarde.com\/fr\/wp-json\/wp\/v2\/product_cat?post=3191"},{"taxonomy":"product_tag","embeddable":true,"href":"https:\/\/boutique.notredamedelagarde.com\/fr\/wp-json\/wp\/v2\/product_tag?post=3191"}],"curies":[{"name":"wp","href":"https:\/\/api.w.org\/{rel}","templated":true}]}}