{"id":3210,"date":"2018-09-20T12:52:30","date_gmt":"2018-09-20T12:52:30","guid":{"rendered":"https:\/\/boutique.notredamedelagarde.com\/?post_type=product&#038;p=3210\/"},"modified":"2024-08-15T12:14:58","modified_gmt":"2024-08-15T12:14:58","slug":"histoire-dune-ville-marseille","status":"publish","type":"product","link":"https:\/\/boutique.notredamedelagarde.com\/fr\/product\/histoire-dune-ville-marseille\/","title":{"rendered":"Histoire d&rsquo;une ville : Marseille"},"content":{"rendered":"<p>Histoire d&rsquo;une ville : Marseille<br \/>\nSous la direction de R\u00e9gis Bertrand.<br \/>\nAuteurs :\u00a0Girard Nicole, Vovelle Michel, Clottes Jean, Tr\u00e9ziny Henri, Daumalin Xavier, Gilbert Buti, P\u00e9cout Thierry, Courtin Jean, Marie-Fran\u00e7oise Attard, Jean-Lucien Bonillo, R\u00e9gis Bertrand, Guyon Jean, Guillon Jean-Marie.<\/p>\n<p><strong>Cette nouvelle \u00e9dition propose une mise \u00e0 jour des ann\u00e9es 2013 \u00e0 2018.<\/strong><\/p>\n<p>Toutes les cl\u00e9s pour entrer dans l\u2019histoire de la plus ancienne ville de France, port marchand depuis sa naissance, creuset des peuples de M\u00e9diterran\u00e9e et ville paysage, entre mer et collines.<br \/>\n&#8211; Dix chapitres pour d\u00e9couvrir l\u2019histoire de Marseille, de la Pr\u00e9histoire \u00e0 nos jours.<br \/>\n&#8211; Une synth\u00e8se actualis\u00e9e des connaissances, loin des id\u00e9es re\u00e7ues, r\u00e9alis\u00e9e par les meilleurs sp\u00e9cialistes de l\u2019histoire de la ville.<br \/>\n&#8211; Plus de 1 000 illustrations, cartes, plans et documents d\u2019archives, dont certains in\u00e9dits, pour d\u00e9couvrir la richesse et la complexit\u00e9 d\u2019une ville aux multiples facettes.<br \/>\n&#8211; De nombreux compl\u00e9ments de lecture : portraits et anecdotes, glossaire, frise chronologique, l\u00e9gendes d\u00e9taill\u00e9es.<br \/>\n&#8211; \u00c0 la fin de chaque chapitre : des focus sur le patrimoine et la culture.<br \/>\n&#8211; Un plan en encart pour visiter la ville selon des parcours diff\u00e9renci\u00e9s, chronologiques et th\u00e9matiques.<br \/>\nCet ouvrage collectif s\u2019adresse \u00e0 un large public : n\u00e9 \u00e0 Marseille ou nouvel arrivant, venu y vivre ou de passage, chacun pourra (re)d\u00e9couvrir une ville qu\u2019il croit conna\u00eetre, dans l\u2019\u00e9volution de son tissu urbain et de ses paysages, et dans son histoire politique, \u00e9conomique, sociale et culturelle. S\u2019appuyant largement sur le sensible \u2013 ce que l\u2019on voit, cette nouvelle histoire de Marseille \u00e9veillera la curiosit\u00e9 de tous par la richesse et la diversit\u00e9 de son contenu.<\/p>\n<p>\u00c9diteur : CRDP de l&rsquo;acad\u00e9mie d&rsquo;Aix-Marseille, Ville de Marseille<br \/>\nDescriptif technique :\u00a01 ouvrage, 240 p.<br \/>\nEAN :\u00a0978-2240045744<br \/>\nISBN :\u00a02240045744<br \/>\nDate de parution :\u00a001\/11\/2018<br \/>\nPoids :\u00a0540,00 g<\/p>\n","protected":false},"excerpt":{"rendered":"<p>Histoire d&rsquo;une ville : Marseille Sous la direction de R\u00e9gis Bertrand. Auteurs :\u00a0Girard Nicole, Vovelle Michel, Clottes Jean, Tr\u00e9ziny Henri, Daumalin Xavier, Gilbert Buti, P\u00e9cout Thierry, Courtin Jean, Marie-Fran\u00e7oise Attard, Jean-Lucien Bonillo, R\u00e9gis Bertrand, Guyon Jean, Guillon Jean-Marie. Cette nouvelle \u00e9dition propose une mise \u00e0 jour des ann\u00e9es 2013 \u00e0 2018. Toutes les cl\u00e9s pour [&hellip;]<\/p>\n","protected":false},"featured_media":3211,"template":"","meta":[],"product_cat":[31,82],"product_tag":[],"acf":[],"_links":{"self":[{"href":"https:\/\/boutique.notredamedelagarde.com\/fr\/wp-json\/wp\/v2\/product\/3210"}],"collection":[{"href":"https:\/\/boutique.notredamedelagarde.com\/fr\/wp-json\/wp\/v2\/product"}],"about":[{"href":"https:\/\/boutique.notredamedelagarde.com\/fr\/wp-json\/wp\/v2\/types\/product"}],"wp:featuredmedia":[{"embeddable":true,"href":"https:\/\/boutique.notredamedelagarde.com\/fr\/wp-json\/wp\/v2\/media\/3211"}],"wp:attachment":[{"href":"https:\/\/boutique.notredamedelagarde.com\/fr\/wp-json\/wp\/v2\/media?parent=3210"}],"wp:term":[{"taxonomy":"product_cat","embeddable":true,"href":"https:\/\/boutique.notredamedelagarde.com\/fr\/wp-json\/wp\/v2\/product_cat?post=3210"},{"taxonomy":"product_tag","embeddable":true,"href":"https:\/\/boutique.notredamedelagarde.com\/fr\/wp-json\/wp\/v2\/product_tag?post=3210"}],"curies":[{"name":"wp","href":"https:\/\/api.w.org\/{rel}","templated":true}]}}