{"id":3315,"date":"2018-10-25T08:59:37","date_gmt":"2018-10-25T08:59:37","guid":{"rendered":"https:\/\/boutique.notredamedelagarde.com\/?post_type=product&#038;p=3315\/"},"modified":"2023-05-24T14:28:41","modified_gmt":"2023-05-24T14:28:41","slug":"pere-noel-avec-mesanges-woodland-foundations","status":"publish","type":"product","link":"https:\/\/boutique.notredamedelagarde.com\/fr\/product\/pere-noel-avec-mesanges-woodland-foundations\/","title":{"rendered":"P\u00e8re No\u00ebl avec m\u00e9sanges Woodland &#8211; Foundations"},"content":{"rendered":"<ul>\n<li>Le P\u00e8re No\u00ebl Woodland a dans les bras des m\u00e9sanges, et une \u00e9charpe de grelots.<\/li>\n<li>Son message est le suivant \u00ab\u00a0Un moment de gr\u00e2ce &#8230; peut r\u00e9chauffer la journ\u00e9e la plus froide \u00bb.<\/li>\n<li>Les motifs de vigne chatoyants contrastent avec les finitions en fourrure de luxe qui forment une pi\u00e8ce richement d\u00e9taill\u00e9e.<span class=\"Apple-converted-space\">\u00a0<\/span><\/li>\n<li>Taille: H 19,2 cm x L 12,3 cm x L 12,375 cm<span class=\"Apple-converted-space\">\u00a0<\/span><\/li>\n<li>Fait de r\u00e9sine de pierre et cristal.<\/li>\n<li>Emball\u00e9 en toute s\u00e9curit\u00e9 dans un coffret cadeau de fabrication.<\/li>\n<li>De la collection Foundations d\u2019Enesco.<\/li>\n<li>Poids : 1,1 kg (2.42 lbs)<\/li>\n<\/ul>\n","protected":false},"excerpt":{"rendered":"<p>Le P\u00e8re No\u00ebl Woodland a dans les bras des m\u00e9sanges, et une \u00e9charpe de grelots. Son message est le suivant \u00ab\u00a0Un moment de gr\u00e2ce &#8230; peut r\u00e9chauffer la journ\u00e9e la plus froide \u00bb. Les motifs de vigne chatoyants contrastent avec les finitions en fourrure de luxe qui forment une pi\u00e8ce richement d\u00e9taill\u00e9e.\u00a0 Taille: H 19,2 [&hellip;]<\/p>\n","protected":false},"featured_media":3349,"template":"","meta":[],"product_cat":[32],"product_tag":[],"acf":[],"_links":{"self":[{"href":"https:\/\/boutique.notredamedelagarde.com\/fr\/wp-json\/wp\/v2\/product\/3315"}],"collection":[{"href":"https:\/\/boutique.notredamedelagarde.com\/fr\/wp-json\/wp\/v2\/product"}],"about":[{"href":"https:\/\/boutique.notredamedelagarde.com\/fr\/wp-json\/wp\/v2\/types\/product"}],"wp:featuredmedia":[{"embeddable":true,"href":"https:\/\/boutique.notredamedelagarde.com\/fr\/wp-json\/wp\/v2\/media\/3349"}],"wp:attachment":[{"href":"https:\/\/boutique.notredamedelagarde.com\/fr\/wp-json\/wp\/v2\/media?parent=3315"}],"wp:term":[{"taxonomy":"product_cat","embeddable":true,"href":"https:\/\/boutique.notredamedelagarde.com\/fr\/wp-json\/wp\/v2\/product_cat?post=3315"},{"taxonomy":"product_tag","embeddable":true,"href":"https:\/\/boutique.notredamedelagarde.com\/fr\/wp-json\/wp\/v2\/product_tag?post=3315"}],"curies":[{"name":"wp","href":"https:\/\/api.w.org\/{rel}","templated":true}]}}