{"id":3335,"date":"2018-10-25T09:07:40","date_gmt":"2018-10-25T09:07:40","guid":{"rendered":"https:\/\/boutique.notredamedelagarde.com\/?post_type=product&#038;p=3335\/"},"modified":"2023-05-24T14:28:41","modified_gmt":"2023-05-24T14:28:41","slug":"lange-de-noel-woodland-deluxe-foundations","status":"publish","type":"product","link":"https:\/\/boutique.notredamedelagarde.com\/fr\/product\/lange-de-noel-woodland-deluxe-foundations\/","title":{"rendered":"L\u2019Ange de No\u00ebl Woodland Deluxe &#8211; Foundations"},"content":{"rendered":"<ul>\n<li>L\u2019Ange de No\u00ebl Woodland Deluxe a sur ses bras des m\u00e9sanges et des offrandes dans son panier.<span class=\"Apple-converted-space\">\u00a0<\/span><\/li>\n<li>Son message est le suivant \u00ab\u00a0 Je vous souhaite un panier de b\u00e9n\u00e9dictions\u00a0\u00bb.<\/li>\n<li>Les motifs de vigne chatoyants contrastent avec les finitions en fourrure de luxe<span class=\"Apple-converted-space\">\u00a0<\/span><\/li>\n<li>qui forment une pi\u00e8ce richement d\u00e9taill\u00e9e.<span class=\"Apple-converted-space\">\u00a0<\/span><\/li>\n<li>Taille: H 22,875 cm x L 12,3 cm x L 14,175 cm<span class=\"Apple-converted-space\">\u00a0<\/span><\/li>\n<li>Fait de r\u00e9sine de pierre, cristal.<\/li>\n<li>Emball\u00e9 en toute s\u00e9curit\u00e9 dans un coffret cadeau de fabrication.<\/li>\n<li>De la collection Foundations d\u2019Enesco.<\/li>\n<li>Poids : 1,3 kg (2.9375 lbs)<\/li>\n<\/ul>\n","protected":false},"excerpt":{"rendered":"<p>L\u2019Ange de No\u00ebl Woodland Deluxe a sur ses bras des m\u00e9sanges et des offrandes dans son panier.\u00a0 Son message est le suivant \u00ab\u00a0 Je vous souhaite un panier de b\u00e9n\u00e9dictions\u00a0\u00bb. Les motifs de vigne chatoyants contrastent avec les finitions en fourrure de luxe\u00a0 qui forment une pi\u00e8ce richement d\u00e9taill\u00e9e.\u00a0 Taille: H 22,875 cm x L [&hellip;]<\/p>\n","protected":false},"featured_media":3345,"template":"","meta":[],"product_cat":[32],"product_tag":[],"acf":[],"_links":{"self":[{"href":"https:\/\/boutique.notredamedelagarde.com\/fr\/wp-json\/wp\/v2\/product\/3335"}],"collection":[{"href":"https:\/\/boutique.notredamedelagarde.com\/fr\/wp-json\/wp\/v2\/product"}],"about":[{"href":"https:\/\/boutique.notredamedelagarde.com\/fr\/wp-json\/wp\/v2\/types\/product"}],"wp:featuredmedia":[{"embeddable":true,"href":"https:\/\/boutique.notredamedelagarde.com\/fr\/wp-json\/wp\/v2\/media\/3345"}],"wp:attachment":[{"href":"https:\/\/boutique.notredamedelagarde.com\/fr\/wp-json\/wp\/v2\/media?parent=3335"}],"wp:term":[{"taxonomy":"product_cat","embeddable":true,"href":"https:\/\/boutique.notredamedelagarde.com\/fr\/wp-json\/wp\/v2\/product_cat?post=3335"},{"taxonomy":"product_tag","embeddable":true,"href":"https:\/\/boutique.notredamedelagarde.com\/fr\/wp-json\/wp\/v2\/product_tag?post=3335"}],"curies":[{"name":"wp","href":"https:\/\/api.w.org\/{rel}","templated":true}]}}