{"id":3378,"date":"2018-11-08T12:32:22","date_gmt":"2018-11-08T12:32:22","guid":{"rendered":"https:\/\/boutique.notredamedelagarde.com\/?post_type=product&#038;p=3378\/"},"modified":"2023-05-24T14:28:42","modified_gmt":"2023-05-24T14:28:42","slug":"medaille-octogonale-18-mm-plaque-or","status":"publish","type":"product","link":"https:\/\/boutique.notredamedelagarde.com\/fr\/product\/medaille-octogonale-18-mm-plaque-or\/","title":{"rendered":"M\u00e9daille octogonale 18 mm Plaqu\u00e9 Or"},"content":{"rendered":"<p>M\u00e9daille octogonale.<br \/>\nBuste Notre-Dame de La Garde.\u00a0<br \/>\nVerso : Basilique Notre-Dame de La Garde\u00a0<br \/>\nPlaqu\u00e9e Or 750\/1000 3 microns.<br \/>\nGrandeur : \u00f8 18 mm<br \/>\nFabrication fran\u00e7aise.<\/p>\n","protected":false},"excerpt":{"rendered":"<p>M\u00e9daille octogonale. Buste Notre-Dame de La Garde.\u00a0 Verso : Basilique Notre-Dame de La Garde\u00a0 Plaqu\u00e9e Or 750\/1000 3 microns. Grandeur : \u00f8 18 mm Fabrication fran\u00e7aise.<\/p>\n","protected":false},"featured_media":3371,"template":"","meta":[],"product_cat":[55],"product_tag":[],"acf":[],"_links":{"self":[{"href":"https:\/\/boutique.notredamedelagarde.com\/fr\/wp-json\/wp\/v2\/product\/3378"}],"collection":[{"href":"https:\/\/boutique.notredamedelagarde.com\/fr\/wp-json\/wp\/v2\/product"}],"about":[{"href":"https:\/\/boutique.notredamedelagarde.com\/fr\/wp-json\/wp\/v2\/types\/product"}],"wp:featuredmedia":[{"embeddable":true,"href":"https:\/\/boutique.notredamedelagarde.com\/fr\/wp-json\/wp\/v2\/media\/3371"}],"wp:attachment":[{"href":"https:\/\/boutique.notredamedelagarde.com\/fr\/wp-json\/wp\/v2\/media?parent=3378"}],"wp:term":[{"taxonomy":"product_cat","embeddable":true,"href":"https:\/\/boutique.notredamedelagarde.com\/fr\/wp-json\/wp\/v2\/product_cat?post=3378"},{"taxonomy":"product_tag","embeddable":true,"href":"https:\/\/boutique.notredamedelagarde.com\/fr\/wp-json\/wp\/v2\/product_tag?post=3378"}],"curies":[{"name":"wp","href":"https:\/\/api.w.org\/{rel}","templated":true}]}}