{"id":3388,"date":"2018-11-08T14:16:58","date_gmt":"2018-11-08T14:16:58","guid":{"rendered":"https:\/\/boutique.notredamedelagarde.com\/?post_type=product&#038;p=3388\/"},"modified":"2024-04-13T19:15:12","modified_gmt":"2024-04-13T19:15:12","slug":"medaille-octogonale-decorative-10-mm-plaque-or","status":"publish","type":"product","link":"https:\/\/boutique.notredamedelagarde.com\/fr\/product\/medaille-octogonale-decorative-10-mm-plaque-or\/","title":{"rendered":"M\u00e9daille octogonale d\u00e9corative 10 mm Plaqu\u00e9 Or"},"content":{"rendered":"<p>M\u00e9daille octogonale d\u00e9corative.<br \/>\nBuste Notre-Dame de La Garde.\u00a0<br \/>\nVerso : Basilique Notre-Dame de La Garde\u00a0<br \/>\nPlaqu\u00e9e Or 750\/1000 3 microns.<br \/>\nGrandeur : \u00f8 10 mm<br \/>\nFabrication fran\u00e7aise.<\/p>\n","protected":false},"excerpt":{"rendered":"<p>M\u00e9daille octogonale d\u00e9corative. Buste Notre-Dame de La Garde.\u00a0 Verso : Basilique Notre-Dame de La Garde\u00a0 Plaqu\u00e9e Or 750\/1000 3 microns. Grandeur : \u00f8 10 mm Fabrication fran\u00e7aise.<\/p>\n","protected":false},"featured_media":3390,"template":"","meta":[],"product_cat":[55],"product_tag":[],"acf":[],"_links":{"self":[{"href":"https:\/\/boutique.notredamedelagarde.com\/fr\/wp-json\/wp\/v2\/product\/3388"}],"collection":[{"href":"https:\/\/boutique.notredamedelagarde.com\/fr\/wp-json\/wp\/v2\/product"}],"about":[{"href":"https:\/\/boutique.notredamedelagarde.com\/fr\/wp-json\/wp\/v2\/types\/product"}],"wp:featuredmedia":[{"embeddable":true,"href":"https:\/\/boutique.notredamedelagarde.com\/fr\/wp-json\/wp\/v2\/media\/3390"}],"wp:attachment":[{"href":"https:\/\/boutique.notredamedelagarde.com\/fr\/wp-json\/wp\/v2\/media?parent=3388"}],"wp:term":[{"taxonomy":"product_cat","embeddable":true,"href":"https:\/\/boutique.notredamedelagarde.com\/fr\/wp-json\/wp\/v2\/product_cat?post=3388"},{"taxonomy":"product_tag","embeddable":true,"href":"https:\/\/boutique.notredamedelagarde.com\/fr\/wp-json\/wp\/v2\/product_tag?post=3388"}],"curies":[{"name":"wp","href":"https:\/\/api.w.org\/{rel}","templated":true}]}}