{"id":3392,"date":"2018-11-08T15:14:57","date_gmt":"2018-11-08T15:14:57","guid":{"rendered":"https:\/\/boutique.notredamedelagarde.com\/?post_type=product&#038;p=3392\/"},"modified":"2025-10-10T10:48:52","modified_gmt":"2025-10-10T10:48:52","slug":"medaille-parchemin-18-mm-plaque-or","status":"publish","type":"product","link":"https:\/\/boutique.notredamedelagarde.com\/fr\/product\/medaille-parchemin-18-mm-plaque-or\/","title":{"rendered":"M\u00e9daille Parchemin 18 mm Plaqu\u00e9 Or"},"content":{"rendered":"<p>M\u00e9daille parchemin.<br \/>\nBuste Notre-Dame de La Garde.<br \/>\nVerso : Basilique Notre-Dame de La Garde<br \/>\nPlaqu\u00e9e Or 750\/1000 3 microns.<br \/>\nGrandeur : H 18 mm x L 13 mm<br \/>\nFabrication fran\u00e7aise.<\/p>\n","protected":false},"excerpt":{"rendered":"<p>M\u00e9daille parchemin. Buste Notre-Dame de La Garde. Verso : Basilique Notre-Dame de La Garde Plaqu\u00e9e Or 750\/1000 3 microns. Grandeur : H 18 mm x L 13 mm Fabrication fran\u00e7aise.<\/p>\n","protected":false},"featured_media":3394,"template":"","meta":[],"product_cat":[55],"product_tag":[],"acf":[],"_links":{"self":[{"href":"https:\/\/boutique.notredamedelagarde.com\/fr\/wp-json\/wp\/v2\/product\/3392"}],"collection":[{"href":"https:\/\/boutique.notredamedelagarde.com\/fr\/wp-json\/wp\/v2\/product"}],"about":[{"href":"https:\/\/boutique.notredamedelagarde.com\/fr\/wp-json\/wp\/v2\/types\/product"}],"wp:featuredmedia":[{"embeddable":true,"href":"https:\/\/boutique.notredamedelagarde.com\/fr\/wp-json\/wp\/v2\/media\/3394"}],"wp:attachment":[{"href":"https:\/\/boutique.notredamedelagarde.com\/fr\/wp-json\/wp\/v2\/media?parent=3392"}],"wp:term":[{"taxonomy":"product_cat","embeddable":true,"href":"https:\/\/boutique.notredamedelagarde.com\/fr\/wp-json\/wp\/v2\/product_cat?post=3392"},{"taxonomy":"product_tag","embeddable":true,"href":"https:\/\/boutique.notredamedelagarde.com\/fr\/wp-json\/wp\/v2\/product_tag?post=3392"}],"curies":[{"name":"wp","href":"https:\/\/api.w.org\/{rel}","templated":true}]}}