{"id":3418,"date":"2018-11-10T13:46:04","date_gmt":"2018-11-10T13:46:04","guid":{"rendered":"https:\/\/boutique.notredamedelagarde.com\/?post_type=product&#038;p=3418\/"},"modified":"2025-07-10T21:00:41","modified_gmt":"2025-07-10T21:00:41","slug":"medaille-notre-dame-de-la-garde-octogonale-15-mm-argent-925","status":"publish","type":"product","link":"https:\/\/boutique.notredamedelagarde.com\/fr\/product\/medaille-notre-dame-de-la-garde-octogonale-15-mm-argent-925\/","title":{"rendered":"M\u00e9daille Notre-Dame de La Garde  octogonale 17 mm  &#8211; Argent 925"},"content":{"rendered":"<p>M\u00e9daille octogonale.<br \/>\nBuste Notre-Dame de La Garde.<br \/>\nVerso : Basilique Notre-Dame de La Garde<br \/>\nArgent .925<br \/>\nGrandeur : \u00f8 17 mm<br \/>\nFabrication fran\u00e7aise.<\/p>\n","protected":false},"excerpt":{"rendered":"<p>M\u00e9daille octogonale. Buste Notre-Dame de La Garde. Verso : Basilique Notre-Dame de La Garde Argent .925 Grandeur : \u00f8 17 mm Fabrication fran\u00e7aise.<\/p>\n","protected":false},"featured_media":3420,"template":"","meta":[],"product_cat":[56],"product_tag":[],"acf":[],"_links":{"self":[{"href":"https:\/\/boutique.notredamedelagarde.com\/fr\/wp-json\/wp\/v2\/product\/3418"}],"collection":[{"href":"https:\/\/boutique.notredamedelagarde.com\/fr\/wp-json\/wp\/v2\/product"}],"about":[{"href":"https:\/\/boutique.notredamedelagarde.com\/fr\/wp-json\/wp\/v2\/types\/product"}],"wp:featuredmedia":[{"embeddable":true,"href":"https:\/\/boutique.notredamedelagarde.com\/fr\/wp-json\/wp\/v2\/media\/3420"}],"wp:attachment":[{"href":"https:\/\/boutique.notredamedelagarde.com\/fr\/wp-json\/wp\/v2\/media?parent=3418"}],"wp:term":[{"taxonomy":"product_cat","embeddable":true,"href":"https:\/\/boutique.notredamedelagarde.com\/fr\/wp-json\/wp\/v2\/product_cat?post=3418"},{"taxonomy":"product_tag","embeddable":true,"href":"https:\/\/boutique.notredamedelagarde.com\/fr\/wp-json\/wp\/v2\/product_tag?post=3418"}],"curies":[{"name":"wp","href":"https:\/\/api.w.org\/{rel}","templated":true}]}}