{"id":3427,"date":"2018-11-10T14:06:01","date_gmt":"2018-11-10T14:06:01","guid":{"rendered":"https:\/\/boutique.notredamedelagarde.com\/?post_type=product&#038;p=3427\/"},"modified":"2024-05-29T10:07:16","modified_gmt":"2024-05-29T10:07:16","slug":"medaille-notre-dame-de-la-garde-decorative-10-mm-argent-925","status":"publish","type":"product","link":"https:\/\/boutique.notredamedelagarde.com\/fr\/product\/medaille-notre-dame-de-la-garde-decorative-10-mm-argent-925\/","title":{"rendered":"M\u00e9daille Notre-Dame de La Garde  d\u00e9corative 10 mm  &#8211; Argent 925"},"content":{"rendered":"<p>M\u00e9daille octogonale d\u00e9corative.<br \/>\nBuste Notre-Dame de La Garde.\u00a0<br \/>\nVerso : Basilique Notre-Dame de La Garde\u00a0<br \/>\nArgent .925<br \/>\nGrandeur : \u00f8 10 mm<br \/>\nFabrication fran\u00e7aise.<\/p>\n","protected":false},"excerpt":{"rendered":"<p>M\u00e9daille octogonale d\u00e9corative. Buste Notre-Dame de La Garde.\u00a0 Verso : Basilique Notre-Dame de La Garde\u00a0 Argent .925 Grandeur : \u00f8 10 mm Fabrication fran\u00e7aise.<\/p>\n","protected":false},"featured_media":3431,"template":"","meta":[],"product_cat":[33,56],"product_tag":[],"acf":[],"_links":{"self":[{"href":"https:\/\/boutique.notredamedelagarde.com\/fr\/wp-json\/wp\/v2\/product\/3427"}],"collection":[{"href":"https:\/\/boutique.notredamedelagarde.com\/fr\/wp-json\/wp\/v2\/product"}],"about":[{"href":"https:\/\/boutique.notredamedelagarde.com\/fr\/wp-json\/wp\/v2\/types\/product"}],"wp:featuredmedia":[{"embeddable":true,"href":"https:\/\/boutique.notredamedelagarde.com\/fr\/wp-json\/wp\/v2\/media\/3431"}],"wp:attachment":[{"href":"https:\/\/boutique.notredamedelagarde.com\/fr\/wp-json\/wp\/v2\/media?parent=3427"}],"wp:term":[{"taxonomy":"product_cat","embeddable":true,"href":"https:\/\/boutique.notredamedelagarde.com\/fr\/wp-json\/wp\/v2\/product_cat?post=3427"},{"taxonomy":"product_tag","embeddable":true,"href":"https:\/\/boutique.notredamedelagarde.com\/fr\/wp-json\/wp\/v2\/product_tag?post=3427"}],"curies":[{"name":"wp","href":"https:\/\/api.w.org\/{rel}","templated":true}]}}