{"id":3512,"date":"2018-11-15T14:56:57","date_gmt":"2018-11-15T14:56:57","guid":{"rendered":"https:\/\/boutique.notredamedelagarde.com\/?post_type=product&#038;p=3512\/"},"modified":"2025-12-23T10:40:27","modified_gmt":"2025-12-23T10:40:27","slug":"sainte-famille-foundations","status":"publish","type":"product","link":"https:\/\/boutique.notredamedelagarde.com\/fr\/product\/sainte-famille-foundations\/","title":{"rendered":"Sainte-Famille &#8211; Foundations"},"content":{"rendered":"<ul>\n<li>Sainte-Famille<span class=\"Apple-converted-space\">\u00a0<\/span><\/li>\n<li>Taille: H 23 cm<\/li>\n<li>Fait de r\u00e9sine de pierre, cristal.<\/li>\n<li>Emball\u00e9 en toute s\u00e9curit\u00e9 dans un coffret cadeau de fabrication.<\/li>\n<li>De la collection Foundations d\u2019Enesco.<\/li>\n<li>Poids : 1,3 kg (2.9375 lbs)<\/li>\n<\/ul>\n","protected":false},"excerpt":{"rendered":"<p>Sainte-Famille\u00a0 Taille: H 23 cm Fait de r\u00e9sine de pierre, cristal. Emball\u00e9 en toute s\u00e9curit\u00e9 dans un coffret cadeau de fabrication. De la collection Foundations d\u2019Enesco. Poids : 1,3 kg (2.9375 lbs)<\/p>\n","protected":false},"featured_media":3514,"template":"","meta":[],"product_cat":[32],"product_tag":[],"acf":[],"_links":{"self":[{"href":"https:\/\/boutique.notredamedelagarde.com\/fr\/wp-json\/wp\/v2\/product\/3512"}],"collection":[{"href":"https:\/\/boutique.notredamedelagarde.com\/fr\/wp-json\/wp\/v2\/product"}],"about":[{"href":"https:\/\/boutique.notredamedelagarde.com\/fr\/wp-json\/wp\/v2\/types\/product"}],"wp:featuredmedia":[{"embeddable":true,"href":"https:\/\/boutique.notredamedelagarde.com\/fr\/wp-json\/wp\/v2\/media\/3514"}],"wp:attachment":[{"href":"https:\/\/boutique.notredamedelagarde.com\/fr\/wp-json\/wp\/v2\/media?parent=3512"}],"wp:term":[{"taxonomy":"product_cat","embeddable":true,"href":"https:\/\/boutique.notredamedelagarde.com\/fr\/wp-json\/wp\/v2\/product_cat?post=3512"},{"taxonomy":"product_tag","embeddable":true,"href":"https:\/\/boutique.notredamedelagarde.com\/fr\/wp-json\/wp\/v2\/product_tag?post=3512"}],"curies":[{"name":"wp","href":"https:\/\/api.w.org\/{rel}","templated":true}]}}