{"id":3520,"date":"2018-11-16T08:43:26","date_gmt":"2018-11-16T08:43:26","guid":{"rendered":"https:\/\/boutique.notredamedelagarde.com\/?post_type=product&#038;p=3520\/"},"modified":"2023-05-24T14:28:43","modified_gmt":"2023-05-24T14:28:43","slug":"grande-sainte-famille-foundations","status":"publish","type":"product","link":"https:\/\/boutique.notredamedelagarde.com\/fr\/product\/grande-sainte-famille-foundations\/","title":{"rendered":"Grande Sainte-Famille &#8211; Foundations"},"content":{"rendered":"<ul>\n<li>Grande Sainte-Famille<span class=\"Apple-converted-space\">\u00a0<\/span><\/li>\n<li>Taille: H 30 cm x 13,25 cm L x 19,7 cm L (12.01&Prime; H x 5.31&Prime; W x 7.87&Prime; L)<\/li>\n<li>Fait de r\u00e9sine de pierre, et de cristal.<\/li>\n<li>Emball\u00e9 en toute s\u00e9curit\u00e9 dans un coffret cadeau de fabrication.<\/li>\n<li>De la collection Foundations d\u2019Enesco.<\/li>\n<li>Poids : 1,8 kg (4 lbs)<\/li>\n<\/ul>\n","protected":false},"excerpt":{"rendered":"<p>Grande Sainte-Famille\u00a0 Taille: H 30 cm x 13,25 cm L x 19,7 cm L (12.01&Prime; H x 5.31&Prime; W x 7.87&Prime; L) Fait de r\u00e9sine de pierre, et de cristal. Emball\u00e9 en toute s\u00e9curit\u00e9 dans un coffret cadeau de fabrication. De la collection Foundations d\u2019Enesco. Poids : 1,8 kg (4 lbs)<\/p>\n","protected":false},"featured_media":3535,"template":"","meta":[],"product_cat":[32],"product_tag":[],"acf":[],"_links":{"self":[{"href":"https:\/\/boutique.notredamedelagarde.com\/fr\/wp-json\/wp\/v2\/product\/3520"}],"collection":[{"href":"https:\/\/boutique.notredamedelagarde.com\/fr\/wp-json\/wp\/v2\/product"}],"about":[{"href":"https:\/\/boutique.notredamedelagarde.com\/fr\/wp-json\/wp\/v2\/types\/product"}],"wp:featuredmedia":[{"embeddable":true,"href":"https:\/\/boutique.notredamedelagarde.com\/fr\/wp-json\/wp\/v2\/media\/3535"}],"wp:attachment":[{"href":"https:\/\/boutique.notredamedelagarde.com\/fr\/wp-json\/wp\/v2\/media?parent=3520"}],"wp:term":[{"taxonomy":"product_cat","embeddable":true,"href":"https:\/\/boutique.notredamedelagarde.com\/fr\/wp-json\/wp\/v2\/product_cat?post=3520"},{"taxonomy":"product_tag","embeddable":true,"href":"https:\/\/boutique.notredamedelagarde.com\/fr\/wp-json\/wp\/v2\/product_tag?post=3520"}],"curies":[{"name":"wp","href":"https:\/\/api.w.org\/{rel}","templated":true}]}}