{"id":3545,"date":"2018-11-16T15:11:17","date_gmt":"2018-11-16T15:11:17","guid":{"rendered":"https:\/\/boutique.notredamedelagarde.com\/?post_type=product&#038;p=3545\/"},"modified":"2026-03-28T14:53:23","modified_gmt":"2026-03-28T14:53:23","slug":"croix-en-plaque-or","status":"publish","type":"product","link":"https:\/\/boutique.notredamedelagarde.com\/fr\/product\/croix-en-plaque-or\/","title":{"rendered":"Croix en plaqu\u00e9 Or"},"content":{"rendered":"<p>Croix en plaqu\u00e9 Or.<br \/>\nR\u00e9plique de la croix sur le d\u00f4me de Notre-Dame de la Garde.<br \/>\nGrandeur : 40 mm H x 22 mm L.<\/p>\n<p>Tous les produits de cette cr\u00e9atrice r\u00e9pondent aux exigences de la norme Reach, <br \/>\ncertifiant l&rsquo;absence de plomb, cadmium et nickel et sont hypoallerg\u00e9niques.<\/p>\n","protected":false},"excerpt":{"rendered":"<p>Croix en plaqu\u00e9 Or. R\u00e9plique de la croix sur le d\u00f4me de Notre-Dame de la Garde. Grandeur : 40 mm H x 22 mm L. Tous les produits de cette cr\u00e9atrice r\u00e9pondent aux exigences de la norme Reach, certifiant l&rsquo;absence de plomb, cadmium et nickel et sont hypoallerg\u00e9niques.<\/p>\n","protected":false},"featured_media":3543,"template":"","meta":[],"product_cat":[83],"product_tag":[],"acf":[],"_links":{"self":[{"href":"https:\/\/boutique.notredamedelagarde.com\/fr\/wp-json\/wp\/v2\/product\/3545"}],"collection":[{"href":"https:\/\/boutique.notredamedelagarde.com\/fr\/wp-json\/wp\/v2\/product"}],"about":[{"href":"https:\/\/boutique.notredamedelagarde.com\/fr\/wp-json\/wp\/v2\/types\/product"}],"wp:featuredmedia":[{"embeddable":true,"href":"https:\/\/boutique.notredamedelagarde.com\/fr\/wp-json\/wp\/v2\/media\/3543"}],"wp:attachment":[{"href":"https:\/\/boutique.notredamedelagarde.com\/fr\/wp-json\/wp\/v2\/media?parent=3545"}],"wp:term":[{"taxonomy":"product_cat","embeddable":true,"href":"https:\/\/boutique.notredamedelagarde.com\/fr\/wp-json\/wp\/v2\/product_cat?post=3545"},{"taxonomy":"product_tag","embeddable":true,"href":"https:\/\/boutique.notredamedelagarde.com\/fr\/wp-json\/wp\/v2\/product_tag?post=3545"}],"curies":[{"name":"wp","href":"https:\/\/api.w.org\/{rel}","templated":true}]}}