{"id":3626,"date":"2018-11-28T15:03:19","date_gmt":"2018-11-28T15:03:19","guid":{"rendered":"https:\/\/boutique.notredamedelagarde.com\/?post_type=product&#038;p=3626\/"},"modified":"2026-02-19T13:31:00","modified_gmt":"2026-02-19T13:31:00","slug":"chapelet-en-pierre-de-lave","status":"publish","type":"product","link":"https:\/\/boutique.notredamedelagarde.com\/fr\/product\/chapelet-en-pierre-de-lave\/","title":{"rendered":"Chapelet en pierre de lave"},"content":{"rendered":"<p>Chapelet en pierre de lave. C\u0153ur NDG buste, verso basilique.<br \/>\nMont\u00e9 sur fil argent\u00e9, grain rond. Dimensions : 43 cm.<br \/>\nFabrication fran\u00e7aise.<\/p>\n","protected":false},"excerpt":{"rendered":"<p>Chapelet en pierre de lave. C\u0153ur NDG buste, verso basilique. Mont\u00e9 sur fil argent\u00e9, grain rond. Dimensions : 43 cm. Fabrication fran\u00e7aise.<\/p>\n","protected":false},"featured_media":3630,"template":"","meta":[],"product_cat":[52],"product_tag":[],"acf":[],"_links":{"self":[{"href":"https:\/\/boutique.notredamedelagarde.com\/fr\/wp-json\/wp\/v2\/product\/3626"}],"collection":[{"href":"https:\/\/boutique.notredamedelagarde.com\/fr\/wp-json\/wp\/v2\/product"}],"about":[{"href":"https:\/\/boutique.notredamedelagarde.com\/fr\/wp-json\/wp\/v2\/types\/product"}],"wp:featuredmedia":[{"embeddable":true,"href":"https:\/\/boutique.notredamedelagarde.com\/fr\/wp-json\/wp\/v2\/media\/3630"}],"wp:attachment":[{"href":"https:\/\/boutique.notredamedelagarde.com\/fr\/wp-json\/wp\/v2\/media?parent=3626"}],"wp:term":[{"taxonomy":"product_cat","embeddable":true,"href":"https:\/\/boutique.notredamedelagarde.com\/fr\/wp-json\/wp\/v2\/product_cat?post=3626"},{"taxonomy":"product_tag","embeddable":true,"href":"https:\/\/boutique.notredamedelagarde.com\/fr\/wp-json\/wp\/v2\/product_tag?post=3626"}],"curies":[{"name":"wp","href":"https:\/\/api.w.org\/{rel}","templated":true}]}}