{"id":3733,"date":"2019-01-17T09:50:13","date_gmt":"2019-01-17T09:50:13","guid":{"rendered":"https:\/\/boutique.notredamedelagarde.com\/?post_type=product&#038;p=3733\/"},"modified":"2024-04-11T04:58:43","modified_gmt":"2024-04-11T04:58:43","slug":"maquette-basilique-notre-dame-de-la-garde","status":"publish","type":"product","link":"https:\/\/boutique.notredamedelagarde.com\/fr\/product\/maquette-basilique-notre-dame-de-la-garde\/","title":{"rendered":"Maquette Basilique Notre-Dame de la Garde"},"content":{"rendered":"<p>Maquette pr\u00e9-d\u00e9coup\u00e9e \u00e0 construire.<br \/>\n15 cm de haut, 14 cm long et 5 cm de large.<br \/>\n\u00a92013 \u00c9ditions L&rsquo;Instant Durable, Clermont-Ferrant.<br \/>\nMod\u00e8le d\u00e9pos\u00e9. Imprim\u00e9 en France.<\/p>\n","protected":false},"excerpt":{"rendered":"<p>Maquette pr\u00e9-d\u00e9coup\u00e9e \u00e0 construire. 15 cm de haut, 14 cm long et 5 cm de large. \u00a92013 \u00c9ditions L&rsquo;Instant Durable, Clermont-Ferrant. Mod\u00e8le d\u00e9pos\u00e9. Imprim\u00e9 en France.<\/p>\n","protected":false},"featured_media":3738,"template":"","meta":[],"product_cat":[31,82],"product_tag":[],"acf":[],"_links":{"self":[{"href":"https:\/\/boutique.notredamedelagarde.com\/fr\/wp-json\/wp\/v2\/product\/3733"}],"collection":[{"href":"https:\/\/boutique.notredamedelagarde.com\/fr\/wp-json\/wp\/v2\/product"}],"about":[{"href":"https:\/\/boutique.notredamedelagarde.com\/fr\/wp-json\/wp\/v2\/types\/product"}],"wp:featuredmedia":[{"embeddable":true,"href":"https:\/\/boutique.notredamedelagarde.com\/fr\/wp-json\/wp\/v2\/media\/3738"}],"wp:attachment":[{"href":"https:\/\/boutique.notredamedelagarde.com\/fr\/wp-json\/wp\/v2\/media?parent=3733"}],"wp:term":[{"taxonomy":"product_cat","embeddable":true,"href":"https:\/\/boutique.notredamedelagarde.com\/fr\/wp-json\/wp\/v2\/product_cat?post=3733"},{"taxonomy":"product_tag","embeddable":true,"href":"https:\/\/boutique.notredamedelagarde.com\/fr\/wp-json\/wp\/v2\/product_tag?post=3733"}],"curies":[{"name":"wp","href":"https:\/\/api.w.org\/{rel}","templated":true}]}}