{"id":4175,"date":"2019-10-17T13:36:38","date_gmt":"2019-10-17T13:36:38","guid":{"rendered":"https:\/\/boutique.notredamedelagarde.com\/?post_type=product&#038;p=4175\/"},"modified":"2023-11-08T08:58:42","modified_gmt":"2023-11-08T08:58:42","slug":"petit-jesus-pour-creche-23-cm","status":"publish","type":"product","link":"https:\/\/boutique.notredamedelagarde.com\/fr\/product\/petit-jesus-pour-creche-23-cm\/","title":{"rendered":"Petit J\u00e9sus pour cr\u00e8che 23 cm"},"content":{"rendered":"<p>Petit J\u00e9sus en r\u00e9sine pour votre cr\u00e8che.<br \/>\n23 cm de haut, 12 cm de large et 7 cm d&rsquo;\u00e9paisseur.<\/p>\n","protected":false},"excerpt":{"rendered":"<p>Petit J\u00e9sus en r\u00e9sine pour votre cr\u00e8che. 23 cm de haut, 12 cm de large et 7 cm d&rsquo;\u00e9paisseur.<\/p>\n","protected":false},"featured_media":2707,"template":"","meta":[],"product_cat":[32],"product_tag":[],"acf":[],"_links":{"self":[{"href":"https:\/\/boutique.notredamedelagarde.com\/fr\/wp-json\/wp\/v2\/product\/4175"}],"collection":[{"href":"https:\/\/boutique.notredamedelagarde.com\/fr\/wp-json\/wp\/v2\/product"}],"about":[{"href":"https:\/\/boutique.notredamedelagarde.com\/fr\/wp-json\/wp\/v2\/types\/product"}],"wp:featuredmedia":[{"embeddable":true,"href":"https:\/\/boutique.notredamedelagarde.com\/fr\/wp-json\/wp\/v2\/media\/2707"}],"wp:attachment":[{"href":"https:\/\/boutique.notredamedelagarde.com\/fr\/wp-json\/wp\/v2\/media?parent=4175"}],"wp:term":[{"taxonomy":"product_cat","embeddable":true,"href":"https:\/\/boutique.notredamedelagarde.com\/fr\/wp-json\/wp\/v2\/product_cat?post=4175"},{"taxonomy":"product_tag","embeddable":true,"href":"https:\/\/boutique.notredamedelagarde.com\/fr\/wp-json\/wp\/v2\/product_tag?post=4175"}],"curies":[{"name":"wp","href":"https:\/\/api.w.org\/{rel}","templated":true}]}}