{"id":4242,"date":"2019-11-15T14:31:27","date_gmt":"2019-11-15T14:31:27","guid":{"rendered":"https:\/\/boutique.notredamedelagarde.com\/?post_type=product&#038;p=4242\/"},"modified":"2023-05-24T14:28:50","modified_gmt":"2023-05-24T14:28:50","slug":"creche-moderne-en-bois-de-tilleul","status":"publish","type":"product","link":"https:\/\/boutique.notredamedelagarde.com\/fr\/product\/creche-moderne-en-bois-de-tilleul\/","title":{"rendered":"Cr\u00e8che moderne en bois de tilleul"},"content":{"rendered":"<p>Cr\u00e8che moderne en bois de tilleul,<br \/>\n11 personnages, hauteur de 2 cm \u00e0 9 cm.<br \/>\nFabriqu\u00e9 en Allemagne.<\/p>\n","protected":false},"excerpt":{"rendered":"<p>Cr\u00e8che moderne en bois de tilleul, 11 personnages, hauteur de 2 cm \u00e0 9 cm. Fabriqu\u00e9 en Allemagne.<\/p>\n","protected":false},"featured_media":4243,"template":"","meta":[],"product_cat":[32],"product_tag":[],"acf":[],"_links":{"self":[{"href":"https:\/\/boutique.notredamedelagarde.com\/fr\/wp-json\/wp\/v2\/product\/4242"}],"collection":[{"href":"https:\/\/boutique.notredamedelagarde.com\/fr\/wp-json\/wp\/v2\/product"}],"about":[{"href":"https:\/\/boutique.notredamedelagarde.com\/fr\/wp-json\/wp\/v2\/types\/product"}],"wp:featuredmedia":[{"embeddable":true,"href":"https:\/\/boutique.notredamedelagarde.com\/fr\/wp-json\/wp\/v2\/media\/4243"}],"wp:attachment":[{"href":"https:\/\/boutique.notredamedelagarde.com\/fr\/wp-json\/wp\/v2\/media?parent=4242"}],"wp:term":[{"taxonomy":"product_cat","embeddable":true,"href":"https:\/\/boutique.notredamedelagarde.com\/fr\/wp-json\/wp\/v2\/product_cat?post=4242"},{"taxonomy":"product_tag","embeddable":true,"href":"https:\/\/boutique.notredamedelagarde.com\/fr\/wp-json\/wp\/v2\/product_tag?post=4242"}],"curies":[{"name":"wp","href":"https:\/\/api.w.org\/{rel}","templated":true}]}}