{"id":4274,"date":"2019-11-16T14:47:51","date_gmt":"2019-11-16T14:47:51","guid":{"rendered":"https:\/\/boutique.notredamedelagarde.com\/?post_type=product&#038;p=4274\/"},"modified":"2023-05-24T14:28:50","modified_gmt":"2023-05-24T14:28:50","slug":"creche-en-bois-de-tilleul-27-personnages","status":"publish","type":"product","link":"https:\/\/boutique.notredamedelagarde.com\/fr\/product\/creche-en-bois-de-tilleul-27-personnages\/","title":{"rendered":"Cr\u00e8che en bois de tilleul 27 personnages"},"content":{"rendered":"<p>Cr\u00e8che originale de tr\u00e8s grande qualit\u00e9 sculpt\u00e9e, en bois de tilleul,<br \/>\n27 personnages, hauteur de 2 cm \u00e0 12 cm.<br \/>\nLa Ste-Famille, l&rsquo;ange, les rois mages, le chamelier, le dromadaire et l&rsquo;\u00e9l\u00e9phant.<br \/>\nLe b\u0153uf et l&rsquo;\u00e2ne, Le berger, la berg\u00e8re et leurs moutons, ainsi que de nombreux autres personnages.<\/p>\n<p>L&rsquo;\u00e9table (34 euros) et la bergerie (33 euros) non incluses.<\/p>\n<p>Fabriqu\u00e9 en Allemagne.<\/p>\n","protected":false},"excerpt":{"rendered":"<p>Cr\u00e8che originale de tr\u00e8s grande qualit\u00e9 sculpt\u00e9e, en bois de tilleul, 27 personnages, hauteur de 2 cm \u00e0 12 cm. La Ste-Famille, l&rsquo;ange, les rois mages, le chamelier, le dromadaire et l&rsquo;\u00e9l\u00e9phant. Le b\u0153uf et l&rsquo;\u00e2ne, Le berger, la berg\u00e8re et leurs moutons, ainsi que de nombreux autres personnages. L&rsquo;\u00e9table (34 euros) et la bergerie [&hellip;]<\/p>\n","protected":false},"featured_media":4278,"template":"","meta":[],"product_cat":[32],"product_tag":[],"acf":[],"_links":{"self":[{"href":"https:\/\/boutique.notredamedelagarde.com\/fr\/wp-json\/wp\/v2\/product\/4274"}],"collection":[{"href":"https:\/\/boutique.notredamedelagarde.com\/fr\/wp-json\/wp\/v2\/product"}],"about":[{"href":"https:\/\/boutique.notredamedelagarde.com\/fr\/wp-json\/wp\/v2\/types\/product"}],"wp:featuredmedia":[{"embeddable":true,"href":"https:\/\/boutique.notredamedelagarde.com\/fr\/wp-json\/wp\/v2\/media\/4278"}],"wp:attachment":[{"href":"https:\/\/boutique.notredamedelagarde.com\/fr\/wp-json\/wp\/v2\/media?parent=4274"}],"wp:term":[{"taxonomy":"product_cat","embeddable":true,"href":"https:\/\/boutique.notredamedelagarde.com\/fr\/wp-json\/wp\/v2\/product_cat?post=4274"},{"taxonomy":"product_tag","embeddable":true,"href":"https:\/\/boutique.notredamedelagarde.com\/fr\/wp-json\/wp\/v2\/product_tag?post=4274"}],"curies":[{"name":"wp","href":"https:\/\/api.w.org\/{rel}","templated":true}]}}