{"id":4820,"date":"2020-05-04T12:45:28","date_gmt":"2020-05-04T12:45:28","guid":{"rendered":"https:\/\/boutique.notredamedelagarde.com\/?post_type=product&#038;p=4820\/"},"modified":"2025-12-31T11:14:47","modified_gmt":"2025-12-31T11:14:47","slug":"coffret-4-verres-a-cafe-vintage","status":"publish","type":"product","link":"https:\/\/boutique.notredamedelagarde.com\/fr\/product\/coffret-4-verres-a-cafe-vintage\/","title":{"rendered":"Coffret 4 tasses \u00e0 caf\u00e9 Vintage"},"content":{"rendered":"<p>Coffret de 4 tasses \u00e0 caf\u00e9 avec cuill\u00e8re Vintage.<br \/>\n2 tasses blanches et 2 jaune p\u00e2le.<br \/>\nDessin original exclusif.<\/p>\n","protected":false},"excerpt":{"rendered":"<p>Coffret de 4 tasses \u00e0 caf\u00e9 avec cuill\u00e8re Vintage. 2 tasses blanches et 2 jaune p\u00e2le. Dessin original exclusif.<\/p>\n","protected":false},"featured_media":4821,"template":"","meta":[],"product_cat":[123],"product_tag":[],"acf":[],"_links":{"self":[{"href":"https:\/\/boutique.notredamedelagarde.com\/fr\/wp-json\/wp\/v2\/product\/4820"}],"collection":[{"href":"https:\/\/boutique.notredamedelagarde.com\/fr\/wp-json\/wp\/v2\/product"}],"about":[{"href":"https:\/\/boutique.notredamedelagarde.com\/fr\/wp-json\/wp\/v2\/types\/product"}],"wp:featuredmedia":[{"embeddable":true,"href":"https:\/\/boutique.notredamedelagarde.com\/fr\/wp-json\/wp\/v2\/media\/4821"}],"wp:attachment":[{"href":"https:\/\/boutique.notredamedelagarde.com\/fr\/wp-json\/wp\/v2\/media?parent=4820"}],"wp:term":[{"taxonomy":"product_cat","embeddable":true,"href":"https:\/\/boutique.notredamedelagarde.com\/fr\/wp-json\/wp\/v2\/product_cat?post=4820"},{"taxonomy":"product_tag","embeddable":true,"href":"https:\/\/boutique.notredamedelagarde.com\/fr\/wp-json\/wp\/v2\/product_tag?post=4820"}],"curies":[{"name":"wp","href":"https:\/\/api.w.org\/{rel}","templated":true}]}}